{"id":545,"date":"2011-04-20T15:24:46","date_gmt":"2011-04-20T15:24:46","guid":{"rendered":".\/?page_id=545"},"modified":"2011-04-20T15:27:33","modified_gmt":"2011-04-20T15:27:33","slug":"stare-civila","status":"publish","type":"page","link":"https:\/\/comunavladimir.ro\/?page_id=545","title":{"rendered":"Stare Civila"},"content":{"rendered":"<table border=\"0\" cellspacing=\"0\" cellpadding=\"4\" width=\"100%\" align=\"center\">\n<tbody>\n<tr>\n<td colspan=\"2\">Acte necesare pentru :<\/td>\n<\/tr>\n<tr>\n<td colspan=\"2\"><strong><big>\u00b7<\/big><\/strong>\u00a0\u00a0<a href=\"#25\"><strong>\u00ceNREGISTRAREA NOULUI N\u0102SCUT<\/strong><\/a><\/p>\n<hr \/>\n<p><strong><big>\u00b7<\/big><\/strong>\u00a0\u00a0<a href=\"#26\"><strong>\u00ceNREGISTRAREA C\u0102S\u0102TORIEI<\/strong><\/a><\/p>\n<hr \/>\n<p><strong><big>\u00b7<\/big><\/strong>\u00a0\u00a0<a href=\"#27\"><strong>\u00ceNREGISTRAREA DECESULUI <\/strong><\/a><\/p>\n<hr \/>\n<p><strong><big>\u00b7<\/big><\/strong>\u00a0\u00a0<a href=\"#132\"><strong>CERTIFICATE PIERDUTE<\/strong><\/a><\/p>\n<hr \/>\n<p><strong><big>\u00b7<\/big><\/strong>\u00a0\u00a0<a href=\"#133\"><strong>LISTA ACTUALIZAT\u0102 A STATELOR MEMBRE ALE CONVEN\u0162IEI CU PRIVIRE LA SUPRIMAREA CERIN\u0162EI SUPRALEGALIZ\u0102RII ACTELOR OFICIALE STR\u0102INE, \u00ceNCHEIAT\u0102 LA HAGA LA 5 OCTOMBRIE 1951<\/strong><\/a><\/p>\n<hr \/>\n<\/td>\n<\/tr>\n<\/tbody>\n<\/table>\n<p>\u00a0<\/p>\n<table border=\"0\" cellspacing=\"0\" cellpadding=\"4\" width=\"100%\">\n<tbody>\n<tr>\n<td colspan=\"2\">Lista detaliat\u0103 cu acte :<\/td>\n<\/tr>\n<\/tbody>\n<\/table>\n<table border=\"0\" cellspacing=\"0\" cellpadding=\"0\" width=\"99.2%\" align=\"center\" bgcolor=\"#eeeeee\">\n<tbody>\n<tr>\n<td>\n<table border=\"2\" cellspacing=\"6\" cellpadding=\"0\" width=\"100%\">\n<tbody>\n<tr>\n<td align=\"left\"><a name=\"25\"><\/a><strong><strong>\u00ceNREGISTRAREA NOULUI N\u0102SCUT<\/strong><\/strong><\/td>\n<\/tr>\n<tr>\n<td><span>Na\u015fterea se \u00eenregistreaz\u0103 la serviciul de stare civil\u0103 \u00een a c\u0103rui raz\u0103 administrativ-teritorial\u0103 s-a produs evenimentul.\u00a0\u00a0\u00a0\u00a0\u00a0\u00a0\u00a0 Au obliga\u0163ia de a face declara\u0163ia de na\u015ftere oricare dintre p\u0103rin\u0163i, iar dac\u0103 din diferite motive nu o pot face, obliga\u0163ia declar\u0103rii revine medicului, persoanelor care au fost de fa\u0163\u0103 la na\u015ftere sau personalului din unitatea \u00een care au luat cuno\u015ftin\u0163\u0103 despre na\u015fterea unui copil.<\/p>\n<p>\u00a0\u00a0\u00a0\u00a0\u00a0\u00a0\u00a0 \u00cenregistrarea nou &#8211; n\u0103scutului se face \u00een termen de:<br \/>\n\u2022 15 zile pentru copilul n\u0103scut viu<br \/>\n\u2022 3 zile pentru copilul n\u0103scut mort<br \/>\n\u2022 24 de ore de la data decesului pentru copilul n\u0103scut viu care a decedat \u00een\u0103untrul termenului de 15 zile.<br \/>\n\u00a0\u00a0\u00a0\u00a0\u00a0\u00a0\u00a0\u00a0 C\u00e2nd declararea na\u015fterii a fost f\u0103cut\u0103 dup\u0103 expirarea termenelor prevazute de lege, dar \u00een\u0103untrul unui an de la data na\u015fterii, \u00eentocmirea actului de na\u015ftere se face cu aprobarea primarului, \u00een baza unei declaratii scrise, \u00een cuprinsul c\u0103reia se va men\u0163iona motivul intarzierii &#8211; <em><a href=\".\/pdf\/Formulare\/tipizate\/pdfe195.pdf\">Formular 1<\/a><\/em> . \u00a0\u00a0\u00a0\u00a0\u00a0\ufffd<br \/>\n\u00a0\u00a0\u00a0\u00a0\u00a0\u00a0\u00a0\u00a0 Dac\u0103\u00a0 declararea na\u015fterii se face dup\u0103 trecerea unui an de la data na\u015fterii, actul de na\u015ftere se \u00eentocme\u015fte \u00een baza hot\u0103r\u00e2rii judec\u0103tore\u015fti de \u00eenregistrare tardiv\u0103 a na\u015fterii, definitiv\u0103 \u015fi irevocabil\u0103, care trebuie s\u0103 con\u0163in\u0103 toate datele necesare \u00eenregistr\u0103rii.<br \/>\n\u00a0\u00a0\u00a0\u00a0\u00a0\u00a0\u00a0\u00a0\u00a0 \u00cenregistrarea na\u015fterii copilului se face \u00een baza declara\u0163iei verbale, prezent\u00e2ndu-se urm\u0103toarele documente:<br \/>\n\u2022 certificat medical constatator al na\u015fterii<br \/>\n\u2022 buletine \/ c\u0103r\u0163i de identitate ale p\u0103rin\u0163ilor original + copie xerox<br \/>\n\u2022 certificatul de c\u0103s\u0103torie al p\u0103rin\u0163ilor original + copie xerox<br \/>\n\u00a0\u00a0\u00a0\u00a0\u00a0\u00a0\u00a0 Dac\u0103 na\u015fterea a fost \u00eenregistrat\u0103 \u00een str\u0103inatate, se va urma procedura de transcriere a certificatelor procurate din str\u0103inatate.<\/p>\n<p><\/span><\/td>\n<\/tr>\n<tr>\n<td align=\"right\"><a href=\"#\">Sus<\/a><\/td>\n<\/tr>\n<\/tbody>\n<\/table>\n<\/td>\n<\/tr>\n<\/tbody>\n<\/table>\n<p>\u00a0<\/p>\n<table border=\"0\" cellspacing=\"0\" cellpadding=\"0\" width=\"99.2%\" align=\"center\" bgcolor=\"#eeeeee\">\n<tbody>\n<tr>\n<td>\n<table border=\"2\" cellspacing=\"6\" cellpadding=\"0\" width=\"100%\">\n<tbody>\n<tr>\n<td align=\"left\"><a name=\"26\"><\/a><strong><strong>\u00ceNREGISTRAREA C\u0102S\u0102TORIEI<\/strong><\/strong><\/td>\n<\/tr>\n<tr>\n<td><span><strong>Actele necesare pentru \u00eencheierea c\u0103s\u0103toriei<\/strong>\u00a0\u00a0 \u00a0\u00a0\u00a0\u00a0\u00a0\u00a0\u00a0\u00a0\u00a0\u00a0<strong>I\u00a0 ACTELE DE IDENTITATE original <\/strong><strong>+ <\/strong><strong>xerocopie<\/strong><\/p>\n<ul>\n<li>Buletin de identitate sau c\u0103r\u0163i de identitate <span style=\"text-decoration: underline;\">valabile<\/span> pentru cet\u0103\u0163enii rom\u00e2ni care au domiciliul \u00een Rom\u00e2nia, precum \u015fi pentru cet\u0103\u0163enii \u0163\u0103rilor care fac parte din Uniunea European\u0103.<\/li>\n<li>Pa\u015fapoartele pentru cet\u0103\u0163enii rom\u00e2ni domicilia\u0163i \u00een str\u0103in\u0103tate \u015fi cet\u0103\u0163enii str\u0103ini.<\/li>\n<li>Carnetele de identitate pentru persoanele f\u0103r\u0103 cet\u0103\u0163enie.<\/li>\n<\/ul>\n<p>\u00a0\u00a0 \u00a0\u00a0\u00a0\u00a0\u00a0\u00a0\u00a0\u00a0\u00a0<strong>II\u00a0 CERTIFICATELE DE NA\u015eTERE<\/strong><\/p>\n<ul>\n<li>Certificatele \u00een original \u00eenso\u0163ite de c\u00e2te o xerocopie<\/li>\n<li>Cet\u0103\u0163enii str\u0103ini care nu sunt n\u0103scu\u0163i \u00een Rom\u00e2nia, vor prezenta certificate de na\u015ftere \u00een original, apostilate cu Apostila Conven\u0163iei de la Haga, + traducere legalizat\u0103.3<\/li>\n<\/ul>\n<p>\u00a0\u00a0\u00a0\u00a0\u00a0\u00a0\u00a0\u00a0\u00a0\u00a0\u00a0\u00a0<strong>III CERTIFICATE MEDICALE PRENUP\u0162IALE<\/strong><\/p>\n<ul>\n<li>Se ob\u0163in de la medicul de familie pe baza analizelor<\/li>\n<li>Vor purta men\u0163iunea expres\u0103 &#8220;se poate c\u0103s\u0103tori&#8221;.<\/li>\n<\/ul>\n<p><strong>ALTE ACTE<\/strong><br \/>\n<strong>Dovada desfacerii sau \u00eencet\u0103rii c\u0103s\u0103toriei anterioare<\/strong><br \/>\n\u00a0\u00a0\u00a0\u00a0\u00a0\u00a0\u00a0\u00a0\u00a0\u00a0\u00a0\u00a0\u00a0\u00a0\u00a0\u00a0\u00a0\u00a0 &#8211;\u00a0\u00a0 Sentin\u0163a de divor\u0163, definitiv\u0103 \u015fi irevocabil\u0103.<br \/>\n\u00a0\u00a0\u00a0\u00a0\u00a0\u00a0\u00a0\u00a0\u00a0\u00a0\u00a0\u00a0\u00a0\u00a0\u00a0\u00a0\u00a0\u00a0 &#8211;\u00a0\u00a0 Certificatul de deces al fostului so\u0163 &#8211; original \u015fi xerocopie<\/p>\n<ul>\n<li><strong>Aprobarea primarului<\/strong> \u00een cazul \u00eencheierii c\u0103s\u0103toriei \u00een afara sediului primariei, dac\u0103 din motive temeinice unul dintre so\u0163i se afla \u00een imposibilitatea de a se prezenta (bolnav netransportabil &#8211; este necesar\u0103\u00a0 adeverin\u0163\u0103 medical\u0103);<\/li>\n<li><strong>\u00cencuviin\u0163area primarului<\/strong> pentru \u00eencheierea c\u0103s\u0103toriei \u00eenainte de termenul de 10 zile &#8211; <em><a href=\".\/pdf\/Formulare\/tipizate\/pdfe193.pdf\">formular 3<\/a><br \/>\n\u00a0\u00a0\u00a0\u00a0\u00a0\u00a0\u00a0 <strong>ACTE NECESARE PENTRU CET\u0102\u0162ENII STR\u0102INI LA \u00ceNCHEIEREA C\u0102S\u0102TORIEI \u00ceN ROM\u00c2NIA<\/strong><\/p>\n<p><\/em><\/li>\n<\/ul>\n<ul>\n<li>actele de identitate &#8211; original \u015fi xerocopie<\/li>\n<li>certificat de na\u015ftere original \u015fi apostilat, xerocopie + traducere legalizat\u0103<\/li>\n<li>certificat medical prenup\u0163ial ( eliberat de o autoritate sanitar\u0103 din Rom\u00e2nia)<\/li>\n<li>\u00een cazul unei c\u0103s\u0103torii anterioare, documentele prin care s\u0103 se fac\u0103 dovada desfacerii sau \u00eencet\u0103rii acesteia (\u00een original, apostilat + traducere legalizat\u0103)<\/li>\n<li>dovad\u0103 eliberat\u0103 ori autentificat\u0103 de misiunile diplomatice sau oficiile consulare acreditate \u00een Rom\u00e2nia, din care s\u0103 rezulte c\u0103 viitorul so\u0163 cet\u0103\u0163ean str\u0103in \u00eendepline\u015fte condi\u0163iile de fond cerute de legea sa na\u0163ional\u0103 pentru \u00eencheierea c\u0103s\u0103toriei \u00een Rom\u00e2nia<\/li>\n<li>cet\u0103\u0163enii\u00a0 statelor cu care Rom\u00e2nia a \u00eencheiat tratate, conven\u0163ii sau acorduri de asisten\u0163\u0103 juridic\u0103, pot prezenta documente eliberate de autorit\u0103\u0163ile competente de la locul de domiciliu (certificat de cutum\u0103)-Albania, Austria,\u00a0 Belgia, Bulgaria, Bosnia \u015fi Her\u0163egovina, Cehia, China, Coreea, Croa\u0163ia, Cuba, Fran\u0163a,Israel, Republica Moldova, Mongolia, Polonia, Federa\u0163ia Rus\u0103, Serbia, Slovacia, Slovenia, Ungaria, Ucraina.<\/li>\n<li>\u00een cazul \u00een care statul, al c\u0103rui cet\u0103\u0163ean este, nu are misiune diplomatic\u0103 sau oficiu consular acreditat \u00een Rom\u00e2nia &#8211; declara\u0163ie dat\u0103 pe propria r\u0103spundere, autentificat\u0103 de un notar public din care s\u0103 rezulte c\u0103 viitorul so\u0163, cet\u0103\u0163ean str\u0103in sau apatrid, nu este c\u0103s\u0103torit \u015fi \u00eendepline\u015fte condi\u0163iile de fond cerute de legea sa na\u0163ional\u0103 pentru \u00eencheierea c\u0103s\u0103toriei \u00een Rom\u00e2nia.<\/li>\n<\/ul>\n<p>Pentru apatrizi legea na\u0163ional\u0103 este legea statului \u00een care \u00ee\u015fi au domiciliul sau re\u015fedin\u0163a.<\/p>\n<ul>\n<li>Declara\u0163ie notarial\u0103 pe propria r\u0103spundere care s\u0103 con\u0163in\u0103 toate datele de stare civil\u0103 (<strong>nume, prenume, data \u015fi locul na\u015fterii, domiciliul, nume \u015fi prenume p\u0103rin\u0163i.<\/strong>).<\/li>\n<li>Dac\u0103 viitorul so\u0163, cet\u0103\u0163ean str\u0103in, nu este cunosc\u0103tor al limbii rom\u00e2ne oficierea c\u0103s\u0103toriei se va face obligatoriu \u00een prezen\u0163e unui traduc\u0103tor autorizat.<\/li>\n<li><strong>Cet\u0103\u0163enii<\/strong> <strong>germani<\/strong>&#8211; pe l\u00e2ng\u0103 dovada elibetat\u0103 de Misiunea Diplomatic\u0103 vor trebui s\u0103 prezinte \u015fi un certificat de capacitate de c\u0103s\u0103torie, apostilat, eliberat de oficiul de stare civil\u0103 competent din Germania, \u00eempreun\u0103 cu traducerea acestuia \u00een limba rom\u00e2n\u0103, legalizat\u0103 de un notar public din Rom\u00e2nia.<strong>\u00a0\u00a0\u00a0\u00a0\u00a0\u00a0\u00a0\u00a0\u00a0\u00a0\u00a0 <\/strong><\/li>\n<\/ul>\n<p><strong>\u00a0\u00a0\u00a0 \u00a0\u00a0\u00a0\u00a0\u00a0\u00a0\u00a0\u00a0IMPORTANT!<\/strong><\/p>\n<ol type=\"1\">\n<li>Viitorii so\u0163i se vor prezenta \u00eempreun\u0103 \u00een vederea \u00eenregistr\u0103rii <strong>declara\u0163iei de c\u0103s\u0103torie<\/strong> (<em><a href=\".\/pdf\/Formulare\/tipizate\/pdfe192.pdf\">formular 2<\/a><\/em>), cu actele men\u0163ionate mai sus. C\u0103s\u0103toria se \u00eencheie \u00eentre a 10-a \u015fi a 14-a zi de la \u00eenregistrarea declara\u0163iei de c\u0103s\u0103torie<\/li>\n<li>Este necesar ca cel pu\u0163in unul din viitorii so\u0163i s\u0103 aib\u0103 domiciliul sau re\u015fedin\u0163a \u00een raza comunii.<\/li>\n<li>V\u00e2rsta minim\u0103 necesar\u0103 pentru \u00eencheierea c\u0103s\u0103toriei este de 18 ani<\/li>\n<li><span style=\"text-decoration: underline;\">Cu privire la nume, so\u0163ii au posibilitatea:<\/span><\/li>\n<\/ol>\n<ul>\n<li>s\u0103 p\u0103streze fiecare numele pe care l-au avut \u00eenainte de c\u0103s\u0103torie,<\/li>\n<li>s\u0103 ia am\u00eendoi numele unuia dintre so\u0163i,<\/li>\n<li>s\u0103 poarte numele lor reunite<\/li>\n<\/ul>\n<p>\u00a0\u00a0\u00a0\u00a0\u00a0 \u00a0La oficierea c\u0103s\u0103toriei este obligatorie prezen\u0163a a doi martori, persoane majore, av\u00e2nd asupra lor actele de identitate.<\/p>\n<p><\/span><\/td>\n<\/tr>\n<tr>\n<td align=\"right\"><a href=\"#\">Sus<\/a><\/td>\n<\/tr>\n<\/tbody>\n<\/table>\n<\/td>\n<\/tr>\n<\/tbody>\n<\/table>\n<p>\u00a0<\/p>\n<table border=\"0\" cellspacing=\"0\" cellpadding=\"0\" width=\"99.2%\" align=\"center\" bgcolor=\"#eeeeee\">\n<tbody>\n<tr>\n<td>\n<table border=\"2\" cellspacing=\"6\" cellpadding=\"0\" width=\"100%\">\n<tbody>\n<tr>\n<td align=\"left\"><a name=\"27\"><\/a><strong><strong>\u00ceNREGISTRAREA DECESULUI <\/strong><\/strong><\/td>\n<\/tr>\n<tr>\n<td><span>Actul de deces se \u00eentocme\u015fte de prim\u0103ria \u00een a c\u0103rei raz\u0103 s-a produs decesul.<br \/>\n\u00a0\u00a0\u00a0\u00a0\u00a0\u00a0\u00a0 Declara\u0163ia de deces se face verbal, \u00een termen de <span style=\"text-decoration: underline;\">3 zile<\/span> de la data \u00eencet\u0103rii din via\u0163\u0103 a persoanei, termen care cuprinde at\u00e2t ziua \u00een care s-a produs decesul c\u00e2t \u015fi ziua \u00een care se face declara\u0163ia.<br \/>\n\u00a0\u00a0\u00a0\u00a0\u00a0\u00a0\u00a0 C\u00e2nd decesul se datoreaz\u0103 unei sinucideri, unui accident sau altor cauze violente, precum \u015fi \u00een cazul g\u0103sirii unui cadavru, declara\u0163ia se face \u00een termen de <span style=\"text-decoration: underline;\">48 de ore<\/span>.<br \/>\n\u00a0\u00a0\u00a0\u00a0\u00a0\u00a0\u00a0 \u00cen cazul \u00een care decesul nu a fost declarat \u015fi \u00eenregistrat \u00een termenele legale, \u00eentocmirea actului de deces se face numai cu <span style=\"text-decoration: underline;\">aprobarea parchetului<\/span>.<br \/>\n\u00a0\u00a0\u00a0\u00a0\u00a0\u00a0\u00a0 Declara\u0163ia de deces se face de c\u0103tre membrii familiei decedatului, iar \u00een lipsa acestora, de c\u0103tre colocatari, vecini, administratorul imobilului, medicul sau alt cadru din unitatea sanitar\u0103 unde s-a produs decesul.<br \/>\n\u00a0\u00a0\u00a0\u00a0\u00a0\u00a0\u00a0 Acte necesare:<br \/>\n\u00a0&#8211; certificat medical constatator al persoanei decedate;<br \/>\n\u00a0&#8211; buletinul\/cartea de identitate al persoanei decedate;<br \/>\n\u00a0&#8211; certificatul de na\u015ftere al persoanei decedate;<br \/>\n\u00a0&#8211; certificatul de c\u0103s\u0103torie al persoanei decedate;<br \/>\n\u00a0&#8211; livretul militar sau adeverin\u0163a de recrutare pentru b\u0103rba\u0163ii cu v\u00e2rsta \u00eentre 18-50 ani.<br \/>\n\u00a0&#8211; \u00een cazul decesului datorat unei sinucideri, unui accident, sau a altor cauze violente pe l\u00e2ng\u0103 actele enumerate mai sus este necesar\u0103 \u015fi dovada eliberat\u0103 de poli\u0163ie sau parchet din care s\u0103 rezulte c\u0103 una din aceste autorit\u0103\u0163i a fost sesizat\u0103 despre deces.\u00a0<\/p>\n<p><\/span><\/td>\n<\/tr>\n<tr>\n<td align=\"right\"><a href=\"#\">Sus<\/a><\/td>\n<\/tr>\n<\/tbody>\n<\/table>\n<\/td>\n<\/tr>\n<\/tbody>\n<\/table>\n<p>\u00a0<\/p>\n<table border=\"0\" cellspacing=\"0\" cellpadding=\"0\" width=\"99.2%\" align=\"center\" bgcolor=\"#eeeeee\">\n<tbody>\n<tr>\n<td>\n<table border=\"2\" cellspacing=\"6\" cellpadding=\"0\" width=\"100%\">\n<tbody>\n<tr>\n<td align=\"left\"><a name=\"132\"><\/a><strong><strong>CERTIFICATE PIERDUTE<\/strong><\/strong><\/td>\n<\/tr>\n<tr>\n<td><span>\u2022 cerere prin care se motiveaz\u0103 solicitarea &#8211; <em><a href=\".\/pdf\/Formulare\/tipizate\/pdfe194.pdf\">formular 4<\/a><\/em><br \/>\n\u2022 buletinul \/cartea de identitate;<br \/>\n\u2022 certificatul care trebuie \u00eenlocuit sau preschimbat (na\u015ftere, c\u0103s\u0103torie, deces);<br \/>\n\u2022 timbru fiscal.<br \/>\nCererile pentru eliberarea certificatelor de uz extern se depun numai personal sau de c\u0103tre persoana \u00eemputernicit\u0103 prin procur\u0103 special\u0103 notarial\u0103.<br \/>\nActele \u00een limbi str\u0103ine trebuie traduse \u00een limba rom\u00e2na \u015fi legalizate la notar.<br \/>\nEliberarea certificatului nou se face personal titularului sau persoanei \u00eemputernicite<br \/>\n\u2022 \u00een caz de pierdere, furt sau distrugere a certificatului de stare civil\u0103, celui \u00eendrept\u0103\u0163it i se elibereaz\u0103 un nou certificat, pe baz\u0103 de cerere;<br \/>\n\u2022 cererea trebuie s\u0103 cuprind\u0103: numele, prenumele, domiciliul, ce fel de certificat solicit\u0103 \u015fi \u00eemprejur\u0103rile \u00een care a fost pierdut, furat sau distrus certificatul;<br \/>\n\u2022 persoana care solicit\u0103 certificatul este identificat\u0103 pe baza buletinului \/ car\u0163ii de identitate sau a pa\u015faportului, \u00een cazul cet\u0103\u0163enilor rom\u00e2ni cu domiciliul \u00een str\u0103in\u0103tate sau a cet\u0103\u0163enilor str\u0103ini n\u0103scu\u0163i \u00een Rom\u00e2nia;<br \/>\n\u2022 certificatele se elibereaz\u0103 doar titularilor sau persoanelor \u00eemputernicite de ace\u015ftia prin procur\u0103 special\u0103;<br \/>\n\u2022 pentru copii minori (care nu au buletine \/ car\u0163i de identitate) certificatul de na\u015ftere este solicitat \u015fi se elibereaz\u0103 p\u0103rintelui sau reprezentantului legal;\u00a0<\/p>\n<p><\/span><\/td>\n<\/tr>\n<tr>\n<td align=\"right\"><a href=\"#\">Sus<\/a><\/td>\n<\/tr>\n<\/tbody>\n<\/table>\n<\/td>\n<\/tr>\n<\/tbody>\n<\/table>\n<p>\u00a0<\/p>\n<table border=\"0\" cellspacing=\"0\" cellpadding=\"0\" width=\"99.2%\" align=\"center\" bgcolor=\"#eeeeee\">\n<tbody>\n<tr>\n<td>\n<table border=\"2\" cellspacing=\"6\" cellpadding=\"0\" width=\"100%\">\n<tbody>\n<tr>\n<td align=\"left\"><a name=\"133\"><\/a><strong><strong>LISTA ACTUALIZAT\u0102 A STATELOR MEMBRE ALE CONVEN\u0162IEI CU PRIVIRE LA SUPRIMAREA CERIN\u0162EI SUPRALEGALIZ\u0102RII ACTELOR OFICIALE STR\u0102INE, \u00ceNCHEIAT\u0102 LA HAGA LA 5 OCTOMBRIE 1951<\/strong><\/strong><\/td>\n<\/tr>\n<tr>\n<td><span><strong>Actele oficiale care au fost \u00eentocmite pe teritoriul unui stat contractant al Conven\u0163iei \u015fi care urmeaz\u0103 s\u0103 fie prezentate pe teritoriul unui alt stat contractant este necesar s\u0103 fie apostilate<\/strong><br \/>\n\u00a0\ufffd<br \/>\n<strong>\u00a0Conven\u0163iei de la Haga (Statele membre ale Conven\u0163iei de la Haga):<\/strong><br \/>\nAfrica de Sud, Republica Argentin\u0103, Australia, Principatul Andora, Antigua \u015fi Barbuda, Republica Armenia, Republica Azerbaidjan, Bahamas, Statul Babados, Statul Belize, Republica Botswana, Brunei Darussalam, Republica Cipru, Republica Columbia, Insulele Cook, Confedera\u0163ia Elve\u0163ian\u0103,\u00a0 Dominica, Republica Estonia, Republica El Salvador, Republica Ecuador, Finlanda, Republica Francez\u0103, Republica Fiji, Germania, Grecia, Grenada, Honduras, Irlanda, Islanda, India, Israel, Italia, Japonia, Letonia, Lituania, Luxemburg, Kazakstan, Regatul Lesotho, Republica Liberia, Principatul Liechtenstein, Macedonia, Malta, Mexic, Principatul Monaco,\u00a0 Republica Malawi, Republica Insulelor Marshall, Statul Mauritius, Norvegia, Noua Zeeland\u0103, Republica Namibia, Niue,Olanda, Panama,Portugalia, Spania, Suedia, Surinam,\u00a0 Saint Kitts \u015fi Nevis, Saint Vincent \u015fi Grenadines, Samao, Republica San Marino, Santa Lucia, Republica Seychelles,\u00a0 Rebublica Swayiland, Turcia,Regatul Unit al Marii Britanii \u015fi Irlandei de Nord, Statele Unite ale Americii,Tonga, Republica Trinidad \u015fi Tobago, Republica Venezuela.\u00a0<strong>Documentele eliberate de unul din urm\u0103toarele state sunt valabile f\u0103r\u0103 apostil\u0103 \u015fi f\u0103r\u0103 supralegalizare:<\/strong><br \/>\n\u00a0\u00a0\u00a0\u00a0\u00a0\u00a0\u00a0\u00a0\u00a0\u00a0\u00a0 Republica Albania, Republica Austria, Regatul Belgiei, Bulgaria, Bosnia \u015fi Her\u0163egovina, Republica Ceh\u0103, Republica Popular\u0103 Chinez\u0103, Republica Popular\u0103 Democrat\u0103 Coreea, Republica Cuba, Republica Francez\u0103, Republica Moldova, Republica Popular\u0103 Mongol\u0103, Republica Polonia, Federa\u0163ia Rus\u0103, Republica Serbia, Slovacia, Slovenia,Ungaria, Ucraina<\/p>\n<p><\/span><\/td>\n<\/tr>\n<tr>\n<td align=\"right\"><a href=\"#\">Sus<\/a><\/td>\n<\/tr>\n<\/tbody>\n<\/table>\n<\/td>\n<\/tr>\n<\/tbody>\n<\/table>\n<p style=\"text-align: center;\"><span>[ <a title=\"Acte necesare\" href=\".\/?page_id=420\">index Acte Necesare<\/a> ]<\/span><\/p>\n","protected":false},"excerpt":{"rendered":"<p>Acte necesare pentru : \u00b7\u00a0\u00a0\u00ceNREGISTRAREA NOULUI N\u0102SCUT \u00b7\u00a0\u00a0\u00ceNREGISTRAREA C\u0102S\u0102TORIEI \u00b7\u00a0\u00a0\u00ceNREGISTRAREA DECESULUI \u00b7\u00a0\u00a0CERTIFICATE PIERDUTE \u00b7\u00a0\u00a0LISTA ACTUALIZAT\u0102 A STATELOR MEMBRE ALE CONVEN\u0162IEI CU PRIVIRE LA SUPRIMAREA CERIN\u0162EI SUPRALEGALIZ\u0102RII ACTELOR OFICIALE STR\u0102INE, \u00ceNCHEIAT\u0102 LA HAGA LA 5 OCTOMBRIE 1951 \u00a0 Lista detaliat\u0103 cu acte : \u00ceNREGISTRAREA NOULUI N\u0102SCUT Na\u015fterea se \u00eenregistreaz\u0103 la serviciul de stare civil\u0103 \u00een a &hellip; <a href=\"https:\/\/comunavladimir.ro\/?page_id=545\" class=\"more-link\">Continue reading <span class=\"screen-reader-text\">Stare Civila<\/span> <span class=\"meta-nav\">&rarr;<\/span><\/a><\/p>\n","protected":false},"author":2,"featured_media":0,"parent":420,"menu_order":0,"comment_status":"closed","ping_status":"closed","template":"","meta":{"footnotes":""},"class_list":["post-545","page","type-page","status-publish","hentry"],"_links":{"self":[{"href":"https:\/\/comunavladimir.ro\/index.php?rest_route=\/wp\/v2\/pages\/545","targetHints":{"allow":["GET"]}}],"collection":[{"href":"https:\/\/comunavladimir.ro\/index.php?rest_route=\/wp\/v2\/pages"}],"about":[{"href":"https:\/\/comunavladimir.ro\/index.php?rest_route=\/wp\/v2\/types\/page"}],"author":[{"embeddable":true,"href":"https:\/\/comunavladimir.ro\/index.php?rest_route=\/wp\/v2\/users\/2"}],"replies":[{"embeddable":true,"href":"https:\/\/comunavladimir.ro\/index.php?rest_route=%2Fwp%2Fv2%2Fcomments&post=545"}],"version-history":[{"count":3,"href":"https:\/\/comunavladimir.ro\/index.php?rest_route=\/wp\/v2\/pages\/545\/revisions"}],"predecessor-version":[{"id":549,"href":"https:\/\/comunavladimir.ro\/index.php?rest_route=\/wp\/v2\/pages\/545\/revisions\/549"}],"up":[{"embeddable":true,"href":"https:\/\/comunavladimir.ro\/index.php?rest_route=\/wp\/v2\/pages\/420"}],"wp:attachment":[{"href":"https:\/\/comunavladimir.ro\/index.php?rest_route=%2Fwp%2Fv2%2Fmedia&parent=545"}],"curies":[{"name":"wp","href":"https:\/\/api.w.org\/{rel}","templated":true}]}}