{"id":507,"date":"2011-04-20T13:06:55","date_gmt":"2011-04-20T13:06:55","guid":{"rendered":".\/?page_id=507"},"modified":"2011-04-21T06:24:28","modified_gmt":"2011-04-21T06:24:28","slug":"facilitati","status":"publish","type":"page","link":"https:\/\/comunavladimir.ro\/?page_id=507","title":{"rendered":"Facilitati"},"content":{"rendered":"<table border=\"0\" cellspacing=\"0\" cellpadding=\"4\" width=\"100%\" align=\"center\">\n<tbody>\n<tr>\n<td colspan=\"2\">Acte necesare pentru :<\/td>\n<\/tr>\n<tr>\n<td colspan=\"2\"><strong><big>\u00b7<\/big><\/strong>\u00a0\u00a0<strong>Pentru ob\u0163inerea facilit\u0103\u0163ilor de care pot beneficia contribuabilii persoane fizice \u015fi juridice la plata obliga\u0163iilor fa\u0163\u0103 de bugetul local<\/strong><\/p>\n<hr \/>\n<\/td>\n<\/tr>\n<\/tbody>\n<\/table>\n<p>\u00a0<\/p>\n<table border=\"0\" cellspacing=\"0\" cellpadding=\"4\" width=\"100%\">\n<tbody>\n<tr>\n<td colspan=\"2\">Lista detaliat\u0103 cu acte :<\/td>\n<\/tr>\n<\/tbody>\n<\/table>\n<table border=\"0\" cellspacing=\"0\" cellpadding=\"0\" width=\"99.2%\" align=\"center\" bgcolor=\"#eeeeee\">\n<tbody>\n<tr>\n<td>\n<table border=\"2\" cellspacing=\"6\" cellpadding=\"0\" width=\"100%\">\n<tbody>\n<tr>\n<td align=\"left\"><a name=\"10\"><\/a><strong><strong>Pentru ob\u0163inerea facilit\u0103\u0163ilor de care pot beneficia contribuabilii persoane fizice \u015fi juridice la plata obliga\u0163iilor fa\u0163\u0103 de bugetul local<\/strong><\/strong><\/td>\n<\/tr>\n<tr>\n<td><span>Pentru mai multe detalii studia\u0163i documentul: <a href=\".\/pdf\/facilitati_Impozit_local.pdf\"><strong>&#8220;Facilit\u0103\u0163ile de care pot beneficia contribuabilii persoane fizice \u015fi juridice la plata obliga\u0163iilor fa\u0163\u0103 de bugetul local.&#8221;<\/strong><\/a><br \/>\n<strong>1. Veterani de r\u0103zboi<\/strong>; persoanele fizice prev\u0103zute la art. 1 al Decretului-lege nr. 118\/1990 privind acordarea unor drepturi persoanelor persecutate din motive politice sau etnice, precum \u015fi celor deportate \u00een str\u0103in\u0103tate ori constituite \u00een prizonieri, refugia\u0163i, str\u0103muta\u0163i, so\u0163ul &#8211; so\u0163ia celui decedat din categoriile men\u0163ionate anterior; persoanele prev\u0103zute la art. 3 alin. (1) lit. b) \u015fi art. 4 alin. (1) din Legea recuno\u015ftin\u0163ei fa\u0163\u0103 de eroii-martiri \u015fi lupt\u0103torii care au contribuit la victoria Revolu\u0163iei rom\u00e2ne din decembrie 1989 nr. 341\/2004, publicat\u0103 \u00een Monitorul Oficial al Rom\u00e2niei, Partea I, nr. 654 din 20 iulie 2004; v\u0103duve de r\u0103zboi \u015fi v\u0103duve de veterani de r\u0103zboi care nu s-au rec\u0103s\u0103torit:<br \/>\n&#8211; <a href=\".\/pdf\/Formulare\/tipizate\/pdf183.pdf\">Cerere Tip &#8211; PMA-F2-07<\/a>;<br \/>\n&#8211; copie B.I.\/C.I. (so\u0163, so\u0163ie)<br \/>\n&#8211; copie legitima\u0163ie\/hot\u0103r\u00e2re, dup\u0103 caz<br \/>\n&#8211; Extras CF original, actualizat al imobilului (pt. impozitul pe cl\u0103dire \u015fi teren)<br \/>\n&#8211; copie talon \u015fi CIV al autoturismului (pt. impozitul pe mijloacele de transport)<br \/>\n&#8211; declara\u0163ie rectificativ\u0103 privind taxa special\u0103 de salubritate &#8211; <a href=\".\/pdf\/Formulare\/tipizate\/pdf190.pdf\">PMA-F4-16<\/a>.<br \/>\n<strong>2. Persoanele cu handicap grav, accentuat \u015fi persoanele \u00eencadrate \u00een gradul I de invaliditate:<\/strong><br \/>\n&#8211; <a href=\".\/pdf\/Formulare\/tipizate\/pdf184.pdf\">Cerere Tip &#8211; PMA-F2-05<\/a>;<br \/>\n&#8211; copie B.I.\/C.I. (so\u0163, so\u0163ie)<br \/>\n&#8211; certificat persoan\u0103 cu handicap, original \u015fi copie<br \/>\n&#8211; Extras CF original, actualizat al imobilului (pt. impozitul pe cl\u0103dire \u015fi teren)<br \/>\n&#8211; copie talon \u015fi CIV al autoturismului (pt. impozitul pe mijloacele de transport)<br \/>\n<strong>3. Persoanele care reabiliteaz\u0103 sau modernizeaz\u0103 termic cl\u0103dirile de locuit pe care le de\u0163in \u00een proprietate<\/strong>, \u00een condi\u0163iile Ordonan\u0163ei Guvernului nr. 29\/2000 privind reabilitarea termic\u0103 a fondului construit existent \u015fi stimularea economisirii energiei termice, aprobat\u0103 cu modific\u0103ri prin Legea nr. 325\/2002:<br \/>\n&#8211; cerere<br \/>\n&#8211; copie contract de \u00eemprumut bancar<br \/>\n&#8211; Extras CF original, actualizat al imobilului<br \/>\n&#8211; copie B.I.\/C.I.<br \/>\n&#8211; autoriza\u0163ia de construire pt. lucr\u0103ri de reabilitare termic\u0103<br \/>\n<strong>4. Persoanele care de\u0163in o cl\u0103dire nou\u0103,<\/strong> realizat\u0103 \u00een condi\u0163iile Legii locuin\u0163ei nr. 114\/1996, sau cl\u0103direa este realizat\u0103 pe baz\u0103 de credite, \u00een conformitate cu Ordonan\u0163a Guvernului nr. 19\/1994 privind stimularea investi\u0163iilor pentru realizarea unor lucr\u0103ri publice \u015fi construc\u0163ii de locuin\u0163e:<br \/>\n&#8211; cerere<br \/>\n&#8211; contract de construire a unei locuin\u0163e pe credit, contract de v\u00e2nzare-cump\u0103rare a locuin\u0163ei sau contractul de dob\u00e2ndire a locuin\u0163ei, dup\u0103 caz<br \/>\n&#8211; procesul verbal de predare\/primire a locuin\u0163ei<br \/>\n&#8211; copie B.I.\/C.I.<br \/>\n&#8211; Extras CF original, actualizat al imobilului<br \/>\n<strong>5. \u00cen cazul unei calamit\u0103\u0163i naturale<\/strong>, conform art.286 din Legea nr.571\/2003 privind Codul fiscal:<br \/>\n&#8211; cerere<br \/>\n&#8211; Extras CF original, actualizat al imobilului<br \/>\n&#8211; copie B.I.\/C.I.<br \/>\n<strong>6. Persoanele fizice care se afl\u0103 \u00een situa\u0163ii excep\u0163ionale<\/strong> (familiile cu risc social sau cu risc socio-medical); pensionarii:<br \/>\n&#8211; cerere tip* &#8211; <a href=\".\/pdf\/Formulare\/tipizate\/pdf157.pdf\">Anexa nr.1 &#8211; PMA-F2-12<\/a><br \/>\n&#8211; copie B.I.\/C.I. a solicitantului;<br \/>\n&#8211; Extras CF original, actualizat al imobilului;<br \/>\n&#8211; declara\u0163ie pe proprie r\u0103spundere c\u0103 nu de\u0163in alte propriet\u0103\u0163i;<br \/>\n&#8211; cupon de pensie;<br \/>\n&#8211; adeverin\u0163\u0103 de la locul de munc\u0103 din care s\u0103 rezulte venitul net al solicitantului \u015fi al celorlal\u0163i membrii din familie (acolo unde este cazul);<br \/>\n&#8211; orice alt\u0103 adeverin\u0163\u0103 din care s\u0103 rezulte venitul solicitantului \u015fi al celorlal\u0163i membrii din familie (pensie, ajutor de \u015fomaj, ajutor social, aloca\u0163ie de sprijin, aloca\u0163ie de stat pentru copii etc.);<br \/>\n&#8211; documente care atest\u0103 situa\u0163iile excep\u0163ionale invocate (bilet de internare, diagnostic) ;<br \/>\n&#8211; declara\u0163ie pe propria r\u0103spundere c\u0103 nu de\u0163ine bunuri de natura celor prev\u0103zute la Cap. II, alin. 3;<br \/>\n<\/span><\/td>\n<\/tr>\n<tr>\n<td align=\"right\"><a href=\"#\">Sus<\/a><\/td>\n<\/tr>\n<\/tbody>\n<\/table>\n<\/td>\n<\/tr>\n<\/tbody>\n<\/table>\n<p style=\"text-align: center;\"><span><a title=\"Acte necesare\" href=\".\/?page_id=420\">[ index Acte Necesare ]<\/a><\/span><\/p>\n","protected":false},"excerpt":{"rendered":"<p>Acte necesare pentru : \u00b7\u00a0\u00a0Pentru ob\u0163inerea facilit\u0103\u0163ilor de care pot beneficia contribuabilii persoane fizice \u015fi juridice la plata obliga\u0163iilor fa\u0163\u0103 de bugetul local \u00a0 Lista detaliat\u0103 cu acte : Pentru ob\u0163inerea facilit\u0103\u0163ilor de care pot beneficia contribuabilii persoane fizice \u015fi juridice la plata obliga\u0163iilor fa\u0163\u0103 de bugetul local Pentru mai multe detalii studia\u0163i documentul: &#8220;Facilit\u0103\u0163ile &hellip; <a href=\"https:\/\/comunavladimir.ro\/?page_id=507\" class=\"more-link\">Continue reading <span class=\"screen-reader-text\">Facilitati<\/span> <span class=\"meta-nav\">&rarr;<\/span><\/a><\/p>\n","protected":false},"author":2,"featured_media":0,"parent":420,"menu_order":0,"comment_status":"closed","ping_status":"closed","template":"","meta":{"footnotes":""},"class_list":["post-507","page","type-page","status-publish","hentry"],"_links":{"self":[{"href":"https:\/\/comunavladimir.ro\/index.php?rest_route=\/wp\/v2\/pages\/507","targetHints":{"allow":["GET"]}}],"collection":[{"href":"https:\/\/comunavladimir.ro\/index.php?rest_route=\/wp\/v2\/pages"}],"about":[{"href":"https:\/\/comunavladimir.ro\/index.php?rest_route=\/wp\/v2\/types\/page"}],"author":[{"embeddable":true,"href":"https:\/\/comunavladimir.ro\/index.php?rest_route=\/wp\/v2\/users\/2"}],"replies":[{"embeddable":true,"href":"https:\/\/comunavladimir.ro\/index.php?rest_route=%2Fwp%2Fv2%2Fcomments&post=507"}],"version-history":[{"count":5,"href":"https:\/\/comunavladimir.ro\/index.php?rest_route=\/wp\/v2\/pages\/507\/revisions"}],"predecessor-version":[{"id":585,"href":"https:\/\/comunavladimir.ro\/index.php?rest_route=\/wp\/v2\/pages\/507\/revisions\/585"}],"up":[{"embeddable":true,"href":"https:\/\/comunavladimir.ro\/index.php?rest_route=\/wp\/v2\/pages\/420"}],"wp:attachment":[{"href":"https:\/\/comunavladimir.ro\/index.php?rest_route=%2Fwp%2Fv2%2Fmedia&parent=507"}],"curies":[{"name":"wp","href":"https:\/\/api.w.org\/{rel}","templated":true}]}}