{"id":492,"date":"2011-04-20T12:43:38","date_gmt":"2011-04-20T12:43:38","guid":{"rendered":".\/?page_id=492"},"modified":"2011-04-26T12:12:27","modified_gmt":"2011-04-26T12:12:27","slug":"agricol","status":"publish","type":"page","link":"https:\/\/comunavladimir.ro\/?page_id=492","title":{"rendered":"Agricol"},"content":{"rendered":"<table border=\"0\" cellspacing=\"0\" cellpadding=\"4\" width=\"100%\" align=\"center\">\n<tbody>\n<tr>\n<td colspan=\"2\">Acte necesare pentru :<\/td>\n<\/tr>\n<tr>\n<td colspan=\"2\"><strong><big>\u00b7<\/big><\/strong>\u00a0\u00a0<a href=\"#89\">Certificatul de produc\u0103tori &#8211; (acte ce se depun la Registratura general\u0103)<\/a><\/p>\n<hr \/>\n<p><strong><big>\u00b7<\/big><\/strong>\u00a0\u00a0<a href=\"#90\">Adeverin\u0163\u0103 din care s\u0103 rezulte c\u0103 de\u0163ine \u00een proprietate suprafa\u0163a de teren \u015fi efective de animale<\/a><\/p>\n<hr \/>\n<p><strong><big>\u00b7<\/big><\/strong>\u00a0\u00a0<a href=\"#91\">Completarea Registrelor Agricole<\/a><\/p>\n<hr \/>\n<\/td>\n<\/tr>\n<\/tbody>\n<\/table>\n<p>\u00a0<\/p>\n<table border=\"0\" cellspacing=\"0\" cellpadding=\"4\" width=\"100%\">\n<tbody>\n<tr>\n<td colspan=\"2\">Lista detaliat\u0103 cu acte :<\/td>\n<\/tr>\n<\/tbody>\n<\/table>\n<table border=\"0\" cellspacing=\"0\" cellpadding=\"0\" width=\"99.2%\" align=\"center\" bgcolor=\"#eeeeee\">\n<tbody>\n<tr>\n<td>\n<table border=\"2\" cellspacing=\"6\" cellpadding=\"0\" width=\"100%\">\n<tbody>\n<tr>\n<td align=\"left\"><a name=\"89\"><\/a><strong>Certificatul de produc\u0103tori &#8211; (acte ce se depun la Registratura general\u0103)<\/strong><\/td>\n<\/tr>\n<tr>\n<td><span>&#8211; Cerere tip \u2013 <a href=\".\/pdf\/Formulare\/tipizate\/pdf1.pdf\">formular PMA-S3-02<\/a> &#8211; prev\u0103zut\u0103 de Hot\u0103r\u00e2rea nr.661\/2001 privind procedura de eliberare a certificatului de produc\u0103tor- se anexeaz\u0103: &#8211; C.F.-ul, contract de v\u00e2nzare &#8211; cump\u0103rare &#8211; Buletin de identitate &#8211; Declara\u0163ie la Registrul Agricol f\u0103cut\u0103 sub semn\u0103tura proprie a capului de gospod\u0103rie sau \u00een lipsa acestuia, a unui membru major al gospod\u0103riei. &#8211; Proces verbal constatator (format tipizat &#8211; formular PMA-S3-03). Se verific\u0103 solicitatrea produc\u0103torului cu privire la de\u0163inerea suprafe\u0163elor de teren ori a animalelor, at\u00e2t pe baza datelor din Registrul Agricol, c\u00e2t \u015fi \u00een teren. Verificarea trebuie s\u0103 stabileasc\u0103 existen\u0163a produselor pentru care se solicit\u0103 certificate de produc\u0103tor. &#8211; Eliberarea certificatului de produc\u0103tor. Actul se ridic\u0103 de solicitant \u00een termen de 10 zile de la depunerea cererii. <\/span><\/td>\n<\/tr>\n<tr>\n<td align=\"right\"><a href=\"#\">Sus<\/a><\/td>\n<\/tr>\n<\/tbody>\n<\/table>\n<\/td>\n<\/tr>\n<\/tbody>\n<\/table>\n<p>\u00a0<\/p>\n<table border=\"0\" cellspacing=\"0\" cellpadding=\"0\" width=\"99.2%\" align=\"center\" bgcolor=\"#eeeeee\">\n<tbody>\n<tr>\n<td>\n<table border=\"2\" cellspacing=\"6\" cellpadding=\"0\" width=\"100%\">\n<tbody>\n<tr>\n<td align=\"left\"><a name=\"90\"><\/a><strong>Adeverin\u0163\u0103 din care s\u0103 rezulte c\u0103 de\u0163ine \u00een proprietate suprafa\u0163a de teren \u015fi efective de animale<\/strong><\/td>\n<\/tr>\n<tr>\n<td><span>&#8211; Cerere tip &#8211; <a href=\".\/pdf\/Formulare\/tipizate\/pdf3.pdf\">formular PMA-S3-04 Pers.Fizice<\/a> &#8211; sau &#8211; <a href=\".\/pdf\/Formulare\/tipizate\/pdf2.pdf\">formular PMA-S3-04 Pers.Juridice<\/a> &#8211; se anexeaz\u0103: <strong>Pentru teren:<\/strong> ** Actul de proprietate (titlul de proprietate, CF-ul, contract de v\u00e2nzare &#8211; cump\u0103rare), \u015fi **Buletinul de identitate.<br \/>\n<strong>Pentru efective de animale:<\/strong> **Carnet de s\u0103n\u0103tate eliberat de medicul de circumscrip\u0163ie sanitar veterinar\u0103.<br \/>\n&#8211; Declara\u0163ie la Registrul Agricol f\u0103cut\u0103 sub semn\u0103tura proprie a capului de gospod\u0103rie sau \u00een lipsa acestuia, a unui membru major al gospod\u0103riei. <\/span><\/td>\n<\/tr>\n<tr>\n<td align=\"right\"><a href=\"#\">Sus<\/a><\/td>\n<\/tr>\n<\/tbody>\n<\/table>\n<\/td>\n<\/tr>\n<\/tbody>\n<\/table>\n<p>\u00a0<\/p>\n<table border=\"0\" cellspacing=\"0\" cellpadding=\"0\" width=\"99.2%\" align=\"center\" bgcolor=\"#eeeeee\">\n<tbody>\n<tr>\n<td>\n<table border=\"2\" cellspacing=\"6\" cellpadding=\"0\" width=\"100%\">\n<tbody>\n<tr>\n<td align=\"left\"><a name=\"91\"><\/a><strong>Completarea Registrelor Agricole <\/strong><\/td>\n<\/tr>\n<tr>\n<td><span>Declara\u0163iile sunt date sub semn\u0103tura proprie a capului de gospod\u0103rie sau \u00een lipsa acestuia a unui membru major al gospod\u0103riei, se \u00eenregistreaz\u0103 anual suprafe\u0163ele de teren agricol de\u0163inute \u00een proprietate, efective de animale, culturi etc. \u00cenregistrarea suprafe\u0163elor de teren se face \u00een baza actelor de proprietate (titlul de proprietate, CF-ul, contractul de v\u00e2nzare-cump\u0103rare), buletinul de identitate, \u00een termenul de 30 de zile de la dob\u00e2ndire. La \u00eenregistrarea suprafe\u0163elor de teren de\u0163inute \u00een proprietate se completeaz\u0103 \u015fi se depun \u015fi declara\u0163iile fiscale, personal, la registratura Direc\u0163iei Venituri. \u00cenregistrarea animalelor \u00een Registrul Agricol se face pe baza certificatului de s\u0103n\u0103tate eliberat de medicul veterinar. <\/span><\/td>\n<\/tr>\n<tr>\n<td align=\"right\"><a href=\"#\">Sus<\/a><\/td>\n<\/tr>\n<\/tbody>\n<\/table>\n<\/td>\n<\/tr>\n<\/tbody>\n<\/table>\n<p>\u00a0<\/p>\n<div style=\"text-align: center;\"><span><a title=\"Acte necesare\" href=\".\/?page_id=420\">[ index Acte Necesare ]<\/a><\/span><\/div>\n","protected":false},"excerpt":{"rendered":"<p>Acte necesare pentru : \u00b7\u00a0\u00a0Certificatul de produc\u0103tori &#8211; (acte ce se depun la Registratura general\u0103) \u00b7\u00a0\u00a0Adeverin\u0163\u0103 din care s\u0103 rezulte c\u0103 de\u0163ine \u00een proprietate suprafa\u0163a de teren \u015fi efective de animale \u00b7\u00a0\u00a0Completarea Registrelor Agricole \u00a0 Lista detaliat\u0103 cu acte : Certificatul de produc\u0103tori &#8211; (acte ce se depun la Registratura general\u0103) &#8211; Cerere tip \u2013 &hellip; <a href=\"https:\/\/comunavladimir.ro\/?page_id=492\" class=\"more-link\">Continue reading <span class=\"screen-reader-text\">Agricol<\/span> <span class=\"meta-nav\">&rarr;<\/span><\/a><\/p>\n","protected":false},"author":2,"featured_media":0,"parent":420,"menu_order":0,"comment_status":"closed","ping_status":"closed","template":"","meta":{"footnotes":""},"class_list":["post-492","page","type-page","status-publish","hentry"],"_links":{"self":[{"href":"https:\/\/comunavladimir.ro\/index.php?rest_route=\/wp\/v2\/pages\/492","targetHints":{"allow":["GET"]}}],"collection":[{"href":"https:\/\/comunavladimir.ro\/index.php?rest_route=\/wp\/v2\/pages"}],"about":[{"href":"https:\/\/comunavladimir.ro\/index.php?rest_route=\/wp\/v2\/types\/page"}],"author":[{"embeddable":true,"href":"https:\/\/comunavladimir.ro\/index.php?rest_route=\/wp\/v2\/users\/2"}],"replies":[{"embeddable":true,"href":"https:\/\/comunavladimir.ro\/index.php?rest_route=%2Fwp%2Fv2%2Fcomments&post=492"}],"version-history":[{"count":9,"href":"https:\/\/comunavladimir.ro\/index.php?rest_route=\/wp\/v2\/pages\/492\/revisions"}],"predecessor-version":[{"id":666,"href":"https:\/\/comunavladimir.ro\/index.php?rest_route=\/wp\/v2\/pages\/492\/revisions\/666"}],"up":[{"embeddable":true,"href":"https:\/\/comunavladimir.ro\/index.php?rest_route=\/wp\/v2\/pages\/420"}],"wp:attachment":[{"href":"https:\/\/comunavladimir.ro\/index.php?rest_route=%2Fwp%2Fv2%2Fmedia&parent=492"}],"curies":[{"name":"wp","href":"https:\/\/api.w.org\/{rel}","templated":true}]}}