{"id":483,"date":"2011-04-20T12:33:54","date_gmt":"2011-04-20T12:33:54","guid":{"rendered":".\/?page_id=483"},"modified":"2011-04-21T06:17:53","modified_gmt":"2011-04-21T06:17:53","slug":"autorizatii","status":"publish","type":"page","link":"https:\/\/comunavladimir.ro\/?page_id=483","title":{"rendered":"Autorizatii"},"content":{"rendered":"<table border=\"0\" cellspacing=\"0\" cellpadding=\"4\" width=\"100%\" align=\"center\">\n<tbody>\n<tr>\n<td colspan=\"2\">Acte necesare pentru :<\/td>\n<\/tr>\n<tr>\n<td colspan=\"2\"><strong><big>\u00b7<\/big><\/strong>  <a href=\"#93\">OB\u0162INEREA AUTORIZA\u0162IEI DE FUNC\u0162IONARE<\/a><\/p>\n<hr \/>\n<p><strong><big>\u00b7<\/big><\/strong>  <a href=\"#94\">OB\u0162INEREA AUTORIZA\u0162IEI DE ALIMENTA\u0162IE PUBLIC\u0102<\/a><\/p>\n<hr \/>\n<p><strong><big>\u00b7<\/big><\/strong>  <a href=\"#95\">OB\u0162INEREA AVIZULUI PENTRU ORARUL DE FUNC\u0162IONARE<\/a><\/p>\n<hr \/>\n<\/td>\n<\/tr>\n<\/tbody>\n<\/table>\n<table border=\"0\" cellspacing=\"0\" cellpadding=\"4\" width=\"100%\">\n<tbody>\n<tr>\n<td colspan=\"2\">Lista detaliat\u0103 cu acte :<\/td>\n<\/tr>\n<\/tbody>\n<\/table>\n<table border=\"0\" cellspacing=\"0\" cellpadding=\"0\" width=\"99.2%\" align=\"center\" bgcolor=\"#eeeeee\">\n<tbody>\n<tr>\n<td>\n<table border=\"2\" cellspacing=\"6\" cellpadding=\"0\" width=\"100%\">\n<tbody>\n<tr>\n<td align=\"left\"><a name=\"93\"><\/a><strong>OB\u0162INEREA AUTORIZA\u0162IEI DE FUNC\u0162IONARE<\/strong><\/td>\n<\/tr>\n<tr>\n<td><span><\/p>\n<ol>\n<li>UN DOSAR PLIC \/<a href=\".\/pdf\/Formulare\/tipizate\/pdf151.pdf\"> CERERE pentru eliberarea Autoriza\u0163iei de func\u0163ionare &#8211; <strong>descarc\u0103 aici<\/strong><\/a><\/li>\n<li>actul constitutiv al societ\u0103\u0163ii, statutul sau, dup\u0103 caz, rezolu\u0163ia directorului Oficiului Registrului Comer\u0163ului pentru persoanele fizice autorizate, \u00eentreprinderile individuale ori \u00eentreprinderile familiale;<\/li>\n<li>certificatul de \u00cenregistrare la Oficiul Registrului Comer\u0163ului \u015fi anexele aferente;<\/li>\n<li>dovada titlului asupra imobilului;<\/li>\n<li>Certificatul Constatator eliberat de Oficiul Registrului Comer\u0163ului pentru declararea punctului de lucru;<\/li>\n<li>acorduri, avize, autoriza\u0163ii, licen\u0163e ale institu\u0163iilor de specialitate, \u00een condi\u0163iile legii, \u00een func\u0163ie de codul CAEN;<\/li>\n<li>certificatul de atestare fiscal\u0103 privind impozitele \u015fi taxele locale, eliberat de Direc\u0163ia Venituri din cadrul Prim\u0103riei , care s\u0103 ateste \u00eendeplinirea tuturor obliga\u0163iilor fiscale, la data solicit\u0103rii emiterii autoriza\u0163iei de func\u0163ionare;<em><strong>Obs.<\/strong> \u00cen situa\u0163ia \u00een care certificatul de atestare fiscal\u0103 cuprinde obliga\u0163ii de plat\u0103 scadente \u015fi neachitate, acesta va fi \u00eenso\u0163it de o adeverin\u0163\u0103 eliberat\u0103 de organul fiscal din care s\u0103 reias\u0103 constituirea unei garan\u0163ii (ipotec\u0103 asupra unor bunuri imobile libere de orice sarcini). Constituirea garan\u0163iei se face cu respectarea prevederilor O.G. nr.92\/2003 privind Codul de procedur\u0103 fiscal\u0103, republicat\u0103.<\/em><\/li>\n<li>dovada \u00eendeplinirii condi\u0163iilor de protec\u0163ie fonic\u0103 (\u00een cazul \u00een care activitatea nu afecteaz\u0103 \u00een nici un fel lini\u015ftea vecinilor, se va depune o declara\u0163ie pe propria r\u0103spundere \u00een acest sens); &#8211; <strong><a href=\".\/pdf\/Formulare\/tipizate\/pdf279.pdf\">descarc\u0103 aici<\/a><\/strong><\/li>\n<li>dovada achit\u0103rii tarifului pentru autorizare;<\/li>\n<li>avizul comitetului executiv \u015fi cu acceptul proprietarilor direct afecta\u0163i cu care se \u00eenvecineaz\u0103, pe plan orizontal \u015fi vertical, spa\u0163iul, <em>\u00een cazul condominiilor,<\/em> acordul vecinilor, exprimat \u00een form\u0103 autentic\u0103, \u00een vederea schimb\u0103rii destina\u0163iei imobilelor existente sau, dup\u0103 caz, autoriza\u0163ia de construire eliberat\u0103 pentru schimbarea de destina\u0163iei a spa\u0163iului, cu excep\u0163ia cazurilor \u00een care \u00een extrasul CF exist\u0103 men\u0163iunea c\u0103 este spa\u0163iu cu alt\u0103 destina\u0163ie dec\u00e2t aceea de locuin\u0163\u0103;<\/li>\n<li>declara\u0163ie pe propria r\u0103spundere privind achitarea vizelor anuale; &#8211; <a href=\".\/pdf\/Formulare\/tipizate\/pdf280.pdf\"><strong>descarc\u0103 aici<\/strong><\/a><\/li>\n<li>declara\u0163ie pe propria r\u0103spundere privind declararea punctului de lucru la ORC &#8211; <a href=\".\/pdf\/Formulare\/tipizate\/pdf278.pdf\"><strong>descarc\u0103 aici<\/strong><\/a><\/li>\n<li>\u00cen cazul autoriz\u0103rii persoanelor fizice \u015fi juridice care desf\u0103\u015foar\u0103 activit\u0103\u0163i pe <strong>codul CAEN 4520 \u2013\u00centre\u0163inerea \u015fi repararea autovehiculelor (sp\u0103l\u0103torii auto, service auto)<\/strong> se vor prezenta suplimentar:\n<ol>\n<li>autoriza\u0163ia de construire pentru realizarea accesului la sp\u0103l\u0103toria\/service-ului auto sau, dup\u0103 caz, avizul Comisiei Tehnice de Avizare pentru cele existente.<\/li>\n<li>Contractul de bran\u015fare\/racordare \u015fi utilizare a serviciilor publice de alimentare cu ap\u0103 potabil\u0103 \u015fi de canalizare, \u00eencheiat cu operatorul serviciului de alimentare cu ap\u0103 \u015fi de canalizare.<\/li>\n<\/ol>\n<\/li>\n<\/ol>\n<p>PMA-L1-13<\/p>\n<p><\/span><\/td>\n<\/tr>\n<tr>\n<td align=\"right\"><a href=\"#\">Sus<\/a><\/td>\n<\/tr>\n<\/tbody>\n<\/table>\n<\/td>\n<\/tr>\n<\/tbody>\n<\/table>\n<table border=\"0\" cellspacing=\"0\" cellpadding=\"0\" width=\"99.2%\" align=\"center\" bgcolor=\"#eeeeee\">\n<tbody>\n<tr>\n<td>\n<table border=\"2\" cellspacing=\"6\" cellpadding=\"0\" width=\"100%\">\n<tbody>\n<tr>\n<td align=\"left\"><a name=\"94\"><\/a><strong>OB\u0162INEREA AUTORIZA\u0162IEI DE ALIMENTA\u0162IE PUBLIC\u0102<\/strong><\/td>\n<\/tr>\n<tr>\n<td><span><\/p>\n<ol>\n<li>UN DOSAR PLIC \/ <a href=\".\/pdf\/Formulare\/tipizate\/pdf154.pdf\">CERERE pentru eliberarea Autoriza\u0163iei privind desf\u0103\u015furarea activit\u0103\u0163ii de alimenta\u0163ie public\u0103 &#8211; <strong>descarc\u0103 aici<\/strong><\/a><\/li>\n<li>actul constitutiv al societ\u0103\u0163ii, statutul sau, dup\u0103 caz, rezolu\u0163ia directorului Oficiului Registrului Comer\u0163ului pentru persoanele fizice autorizate, \u00eentreprinderile individuale ori \u00eentreprinderile familiale;<\/li>\n<li>certificatul de \u00cenregistrare la Oficiul Registrului Comer\u0163ului \u015fi anexele aferente;<\/li>\n<li>dovada titlului asupra imobilului\/imobilelor;<\/li>\n<li>Certificatul Constatator eliberat de Oficiul Registrului Comer\u0163ului pentru declararea punctului de lucru;<\/li>\n<li>acorduri, avize, autoriza\u0163ii, licen\u0163e ale institu\u0163iilor de specialitate, \u00een condi\u0163iile legii, \u00een func\u0163ie de codul CAEN, pentru fiecare loca\u0163ie \u00een care se desf\u0103\u015foar\u0103 activitatea de alimenta\u0163ie public\u0103;<\/li>\n<li>certificatul de atestare fiscal\u0103 privind impozitele \u015fi taxele locale, eliberat de Direc\u0163ia Venituri din cadrul Prim\u0103riei , care s\u0103 ateste \u00eendeplinirea tuturor obliga\u0163iilor fiscale, la data solicit\u0103rii emiterii autoriza\u0163iei de func\u0163ionare;<em><strong>Obs<\/strong>. \u00cen situa\u0163ia \u00een care certificatul de atestare fiscal\u0103 cuprinde obliga\u0163ii de plat\u0103 scadente \u015fi neachitate, acesta va fi \u00eenso\u0163it de o adeverin\u0163\u0103 eliberat\u0103 de organul fiscal din care s\u0103 reias\u0103 constituirea unei garan\u0163ii (ipotec\u0103 asupra unor bunuri imobile libere de orice sarcini). Constituirea garan\u0163iei se face cu respectarea prevederilor O.G. nr.92\/2003 privind Codul de procedur\u0103 fiscal\u0103, republicat\u0103.<\/em><\/li>\n<li>dovada \u00eendeplinirii condi\u0163iilor de protec\u0163ie fonic\u0103 sau, dup\u0103 caz, declara\u0163ia, pe propria r\u0103spundere, potrivit c\u0103reia activitatea desf\u0103\u015furat\u0103 nu produce disconfort;- <strong><a href=\".\/pdf\/Formulare\/tipizate\/pdf279.pdf\">descarc\u0103 aici<\/a><\/strong><\/li>\n<li>dovada achit\u0103rii taxei pentru autorizare;<\/li>\n<li>avizul comitetului executiv \u015fi cu acceptul proprietarilor direct afecta\u0163i cu care se \u00eenvecineaz\u0103, pe plan orizontal \u015fi vertical, spa\u0163iul, <em>\u00een cazul condominiilor,<\/em> acordul vecinilor, exprimat \u00een form\u0103 autentic\u0103, \u00een vederea schimb\u0103rii destina\u0163iei imobilelor existente sau, dup\u0103 caz, autoriza\u0163ia de construire eliberat\u0103 pentru schimbarea de destina\u0163iei a spa\u0163iului, cu excep\u0163ia cazurilor \u00een care \u00een extrasul CF exist\u0103 men\u0163iunea c\u0103 este spa\u0163iu cu alt\u0103 destina\u0163ie dec\u00e2t aceea de locuin\u0163\u0103, cu specifica\u0163ia clar\u0103 c\u0103 spa\u0163iul este destinat pentru alimenta\u0163ie public\u0103;<\/li>\n<li>Certificatul de clasificare, eliberat de Ministerul Turismului;<\/li>\n<li>declara\u0163ie privind caracteristicile func\u0163ionale ale localului &#8211; <strong><a href=\".\/pdf\/Formulare\/tipizate\/pdf281.pdf\">descarc\u0103 aici<\/a><\/strong><\/li>\n<li>declara\u0163ie pe propria r\u0103spundere privind achitarea vizelor anuale; &#8211; <strong><a href=\".\/pdf\/Formulare\/tipizate\/pdf280.pdf\">descarc\u0103 aici<\/a><\/strong><\/li>\n<li>declara\u0163ie pe propria r\u0103spundere privind declararea punctului de lucru la ORC &#8211; <strong><a href=\".\/pdf\/Formulare\/tipizate\/pdf278.pdf\">descarc\u0103 aici<\/a><\/strong><\/li>\n<li>declara\u0163ie pe propria r\u0103spundere privind desf\u0103\u015furarea NUN\u0162ILOR, BOTEZURILOR sau altor PETRECERI.- <strong><a href=\".\/pdf\/Formulare\/tipizate\/pdf277.pdf\">descarc\u0103 aici<\/a><\/strong><\/li>\n<\/ol>\n<p>PMA-L1-04<\/p>\n<p><\/span><\/td>\n<\/tr>\n<tr>\n<td align=\"right\"><a href=\"#\">Sus<\/a><\/td>\n<\/tr>\n<\/tbody>\n<\/table>\n<\/td>\n<\/tr>\n<\/tbody>\n<\/table>\n<table border=\"0\" cellspacing=\"0\" cellpadding=\"0\" width=\"99.2%\" align=\"center\" bgcolor=\"#eeeeee\">\n<tbody>\n<tr>\n<td>\n<table border=\"2\" cellspacing=\"6\" cellpadding=\"0\" width=\"100%\">\n<tbody>\n<tr>\n<td align=\"left\"><a name=\"95\"><\/a><strong>OB\u0162INEREA AVIZULUI PENTRU ORARUL DE FUNC\u0162IONARE<\/strong><\/td>\n<\/tr>\n<tr>\n<td><span><\/p>\n<ol>\n<li>UN DOSAR PLIC \/ <a href=\".\/pdf\/Formulare\/tipizate\/pdf152.pdf\">CERERE pentru eliberarea Avizului pentru orarul de func\u0163ionare &#8211; <strong>descarc\u0103 aici<\/strong><\/a><\/li>\n<li>autoriza\u0163ia de func\u0163ionare sau, dup\u0103 caz, autoriza\u0163ia privind desf\u0103\u015furarea activit\u0103\u0163ii de alimenta\u0163ie public\u0103, \u00een copie;<\/li>\n<li>dovada achit\u0103rii tarifului pentru avizare.<\/li>\n<li>declara\u0163ie pe propria r\u0103spundere privind achitarea vizelor anuale; &#8211; <a href=\".\/pdf\/Formulare\/tipizate\/pdf280.pdf\"><strong>descarc\u0103 aici<\/strong><\/a><\/li>\n<li>declara\u0163ie pe propria r\u0103spundere privind declararea punctului de lucru la ORC &#8211; <a href=\".\/pdf\/Formulare\/tipizate\/pdf278.pdf\"><strong>descarc\u0103 aici<\/strong><\/a><\/li>\n<\/ol>\n<p><\/span><\/td>\n<\/tr>\n<tr>\n<td align=\"right\"><a href=\"#\">Sus<\/a><\/td>\n<\/tr>\n<\/tbody>\n<\/table>\n<\/td>\n<\/tr>\n<\/tbody>\n<\/table>\n<p style=\"text-align: center;\"><span>[ <a title=\"Acte necesare\" href=\".\/?page_id=420\">index Acte Necesare<\/a> ]<\/span><\/p>\n","protected":false},"excerpt":{"rendered":"<p>Acte necesare pentru : \u00b7 OB\u0162INEREA AUTORIZA\u0162IEI DE FUNC\u0162IONARE \u00b7 OB\u0162INEREA AUTORIZA\u0162IEI DE ALIMENTA\u0162IE PUBLIC\u0102 \u00b7 OB\u0162INEREA AVIZULUI PENTRU ORARUL DE FUNC\u0162IONARE Lista detaliat\u0103 cu acte : OB\u0162INEREA AUTORIZA\u0162IEI DE FUNC\u0162IONARE UN DOSAR PLIC \/ CERERE pentru eliberarea Autoriza\u0163iei de func\u0163ionare &#8211; descarc\u0103 aici actul constitutiv al societ\u0103\u0163ii, statutul sau, dup\u0103 caz, rezolu\u0163ia directorului Oficiului &hellip; <a href=\"https:\/\/comunavladimir.ro\/?page_id=483\" class=\"more-link\">Continue reading <span class=\"screen-reader-text\">Autorizatii<\/span> <span class=\"meta-nav\">&rarr;<\/span><\/a><\/p>\n","protected":false},"author":2,"featured_media":0,"parent":420,"menu_order":0,"comment_status":"closed","ping_status":"closed","template":"","meta":{"footnotes":""},"class_list":["post-483","page","type-page","status-publish","hentry"],"_links":{"self":[{"href":"https:\/\/comunavladimir.ro\/index.php?rest_route=\/wp\/v2\/pages\/483","targetHints":{"allow":["GET"]}}],"collection":[{"href":"https:\/\/comunavladimir.ro\/index.php?rest_route=\/wp\/v2\/pages"}],"about":[{"href":"https:\/\/comunavladimir.ro\/index.php?rest_route=\/wp\/v2\/types\/page"}],"author":[{"embeddable":true,"href":"https:\/\/comunavladimir.ro\/index.php?rest_route=\/wp\/v2\/users\/2"}],"replies":[{"embeddable":true,"href":"https:\/\/comunavladimir.ro\/index.php?rest_route=%2Fwp%2Fv2%2Fcomments&post=483"}],"version-history":[{"count":9,"href":"https:\/\/comunavladimir.ro\/index.php?rest_route=\/wp\/v2\/pages\/483\/revisions"}],"predecessor-version":[{"id":488,"href":"https:\/\/comunavladimir.ro\/index.php?rest_route=\/wp\/v2\/pages\/483\/revisions\/488"}],"up":[{"embeddable":true,"href":"https:\/\/comunavladimir.ro\/index.php?rest_route=\/wp\/v2\/pages\/420"}],"wp:attachment":[{"href":"https:\/\/comunavladimir.ro\/index.php?rest_route=%2Fwp%2Fv2%2Fmedia&parent=483"}],"curies":[{"name":"wp","href":"https:\/\/api.w.org\/{rel}","templated":true}]}}