{"id":415,"date":"2011-04-20T06:11:27","date_gmt":"2011-04-20T04:11:27","guid":{"rendered":"http:\/\/.\/?page_id=415"},"modified":"2026-04-02T14:42:12","modified_gmt":"2026-04-02T12:42:12","slug":"posturi-in-cadrul-primariei","status":"publish","type":"page","link":"https:\/\/comunavladimir.ro\/?page_id=415","title":{"rendered":"Posturi in cadrul primariei"},"content":{"rendered":"<p>2026<\/p>\n<ul>\n<li><a href=\"https:\/\/comunavladimir.ro\/wp-content\/uploads\/2026\/04\/Anunt-nr.-1730-din-02.04.2026-rezultate-selectie-dosare.pdf\">Anunt nr. 1730 din 02.04.2026 &#8211; rezultate selectie dosare<\/a><\/li>\n<li><a href=\"https:\/\/comunavladimir.ro\/wp-content\/uploads\/2026\/04\/Anunt-nr.-1624-din-30.03.2026-Concurs-contabil-pdf.pdf\">Anunt nr. 1624 din 30.03.2026 &#8211; Concurs contabil pdf<\/a><\/li>\n<li><a href=\"https:\/\/comunavladimir.ro\/wp-content\/uploads\/2026\/03\/Anunt-nr-1218-din-09.03.2026.pdf\">Anunt nr 1218 din 09.03.2026 &#8211; privind organizarea concursului de recrutare pentru ocuparea unei functii publice de executie vacante, Consilier, grad profesional debutant din cadrul compartimentului urbanism \u015fi protec\u0163ia mediului<\/a><\/li>\n<\/ul>\n<p>2025<\/p>\n<ul>\n<li style=\"list-style-type: none;\">\n<ul>\n<li style=\"list-style-type: none;\"><!--\n\n\n\n\n<li><a href=\"https:\/\/comunavladimir.ro\/wp-content\/uploads\/2025\/10\/Anunt-selectie-dosare-nr.-5529-din-27.10.2025.pdf\">Anunt selectie dosare nr. 5529 din 27.10.2025<\/a><\/li>\n\n\n\n\n\n\n\n\n<li><a href=\"https:\/\/comunavladimir.ro\/wp-content\/uploads\/2025\/10\/Anunt-concurs-contabil-nr.-5276-din-08.10.2025.pdf\">Anunt concurs contabil nr. 5276 din 08.10.2025<\/a><\/li>\n\n\n\n\n--><\/li>\n<\/ul>\n<p>&nbsp;<\/p>\n<ul>\n<li><a href=\"https:\/\/comunavladimir.ro\/wp-content\/uploads\/2025\/11\/anunt-final-contabilitate-.pdf\">anunt final contabilitate<\/a><\/li>\n<li><a href=\"https:\/\/comunavladimir.ro\/wp-content\/uploads\/2025\/11\/Anunt-nr.-5944-din-10.11.2025-rezultat-proba-interviu-concurs-contabil.pdf\">Anunt nr. 5944 din 10.11.2025 &#8211; rezultat proba interviu concurs contabil<\/a><\/li>\n<li><a href=\"https:\/\/comunavladimir.ro\/wp-content\/uploads\/2025\/11\/Anunt-nr.-5939-din-10.11.2025-proba-scrisa-contabilitate.pdf\">Anunt nr. 5939 din 10.11.2025 &#8211; proba scrisa contabilitate<\/a><\/li>\n<li><a href=\"https:\/\/comunavladimir.ro\/wp-content\/uploads\/2025\/11\/Barem-concurs-contabilitate-10.11.2025.pdf\">Barem concurs contabilitate 10.11.2025<\/a><\/li>\n<li><a href=\"https:\/\/comunavladimir.ro\/wp-content\/uploads\/2025\/11\/Anunt-nr.-5918-din-10.11.2025-rezultat-final-concurs-secretar.pdf\">Anunt nr. 5918 din 10.11.2025 &#8211; rezultat final concurs secretar<\/a><\/li>\n<li><a href=\"https:\/\/comunavladimir.ro\/wp-content\/uploads\/2025\/11\/Anunt-nr.-5804-din-04.11.2025-rezultat-proba-interviuconcurs-secretar.pdf\">Anunt nr. 5804 din 04.11.2025 rezultat proba interviu concurs secretar<\/a><\/li>\n<li><a href=\"https:\/\/comunavladimir.ro\/wp-content\/uploads\/2025\/11\/Anunt-nr-5799-din-04.11.2025-rezultat-proba-scrisa-concurs-secretar.pdf\">Anunt nr 5799 din 04.11.2025 rezultat proba scrisa concurs secretar<\/a><\/li>\n<li><a href=\"https:\/\/comunavladimir.ro\/wp-content\/uploads\/2025\/11\/Anunt-nr-5797-din-04.11.2025-Proces-verbal-barem-de-notare.pdf\">Anunt nr 5797 din 04.11.2025 Proces verbal barem de notare<\/a><\/li>\n<li><a href=\"https:\/\/comunavladimir.ro\/wp-content\/uploads\/2025\/10\/Anunt-privind-verificarea-eligibilitatii-candidatilor-nr.-5687-din-31.10.2025.pdf\">Anunt privind verificarea eligibilitatii candidatilor nr. 5687 din 31.10.2025<\/a><\/li>\n<li><a href=\"https:\/\/comunavladimir.ro\/wp-content\/uploads\/2025\/10\/Anunt-verificare-eligibilitate-candidat-nr.5529-din-27.10.2025.pdf\">Anunt verificare eligibilitate candidat nr.5529 din 27.10.2025<\/a><\/li>\n<li><a href=\"https:\/\/comunavladimir.ro\/wp-content\/uploads\/2025\/10\/Anunt-concurs-secretar-nr.5190-din-03.10.2025.pdf\">Anunt concurs secretar nr.5190 din 03.10.2025<\/a><\/li>\n<li><a href=\"https:\/\/comunavladimir.ro\/wp-content\/uploads\/2025\/07\/Rezultat-final-14.07.2025.pdf\">Rezultat final 14.07.2025<\/a><\/li>\n<li><a href=\"https:\/\/comunavladimir.ro\/wp-content\/uploads\/2025\/07\/Rezultate-proba-interviu-14.07.2025.pdf\">Rezultate proba interviu 14.07.2025<\/a><\/li>\n<li><a href=\"https:\/\/comunavladimir.ro\/wp-content\/uploads\/2025\/07\/Rezultate-proba-scrisa-14072025.pdf\">Rezultate proba scrisa 14.07.2025<\/a><\/li>\n<li><a href=\"https:\/\/comunavladimir.ro\/wp-content\/uploads\/2025\/07\/Barem-de-notare-14072025.pdf\">Barem de notare 14.07.2025<\/a><\/li>\n<li><a href=\"https:\/\/comunavladimir.ro\/wp-content\/uploads\/2025\/07\/Anunt-nr-3592-din-04.07.2025-Concurs-compartiment-STARE-CIVILA.pdf\">Anunt nr 3592 din 04.07.2025 -Concurs compartiment STARE CIVILA<\/a><\/li>\n<li><a href=\"https:\/\/comunavladimir.ro\/wp-content\/uploads\/2025\/06\/Anunt-nr-2953-din-04.06.2025.pdf\">Anunt nr 2953 din 04.06.2025<\/a><\/li>\n<li><a href=\"https:\/\/comunavladimir.ro\/wp-content\/uploads\/2025\/06\/Anunt-nr-2942-din-04.06.2025-proba-interviu-contractual.pdf\">Anunt nr 2942 din 04.06.2025 &#8211; proba interviu contractual<\/a><\/li>\n<li><a href=\"https:\/\/comunavladimir.ro\/wp-content\/uploads\/2025\/06\/ANUNT-NR-2899-DIN-02.06.2025-PROBA-SCRISA-.pdf\">ANUNT NR 2899 DIN 02.06.2025 PROBA SCRISA<\/a><\/li>\n<li><a href=\"https:\/\/comunavladimir.ro\/wp-content\/uploads\/2025\/06\/barem-varianta-1.pdf\">Barem varianta 1<\/a><\/li>\n<li><a href=\"https:\/\/comunavladimir.ro\/wp-content\/uploads\/2025\/06\/Instiintare-organizare-concurs-nr.-2868-din-29.05.2025.pdf\">\u00cen\u0219tiin\u021bare organizare concurs nr. 2868 din 29.05.2025<\/a><\/li>\n<li><a href=\"https:\/\/comunavladimir.ro\/wp-content\/uploads\/2025\/05\/Anunt-nr-2746in-23.05.2025-selectie-dosare.pdf\">Anunt nr 2746 din 23.05.2025 selectie dosare<\/a><\/li>\n<li><a href=\"https:\/\/comunavladimir.ro\/wp-content\/uploads\/2025\/05\/Anunt-nr.-2583-din-14.05.2025-rezultate-finale.pdf\">Anunt nr. 2583 din 14.05.2025 &#8211; rezultate finale<\/a><\/li>\n<li><a href=\"https:\/\/comunavladimir.ro\/wp-content\/uploads\/2025\/05\/Anunt-nr.-2582-din-14.05.2025-rezultate-proba-interviu.pdf\">Anunt nr. 2582 din 14.05.2025 &#8211; rezultate proba interviu<\/a><\/li>\n<li><a href=\"https:\/\/comunavladimir.ro\/wp-content\/uploads\/2025\/05\/Anunt-nr.-2578-din-14.05.2025-rezultate-proba-scrisa.pdf\">Anunt nr. 2578 din 14.05.2025 &#8211; rezultate proba scrisa<\/a><\/li>\n<li><a href=\"https:\/\/comunavladimir.ro\/wp-content\/uploads\/2025\/05\/Anunt-concurs-pentru-post-contractual-conform-HG-1336-din-2022.pdf\">Anunt concurs pentru post contractual conform HG 1336 \/ 2022 &#8211; 09.05.2025<\/a><\/li>\n<li><a href=\"https:\/\/comunavladimir.ro\/wp-content\/uploads\/2025\/05\/Anunt-nr-2352-din-05.05.2025-selectie-dosare.pdf\">Anunt nr 2352 din 05.05.2025 selectie dosare<\/a><\/li>\n<li><a href=\"https:\/\/comunavladimir.ro\/wp-content\/uploads\/2025\/04\/notificare_48681-semnat.pdf\">Anunt nr.1681 din 27.03.2025 privind organizarea concursului de recrutare pentru ocuparea unei func\u0163ii publice de execu\u0163ie vacante &#8211; COMPARTIMENT CONTABILITATE IMPOZITE SI TAXE<\/a><\/li>\n<li><a href=\"https:\/\/comunavladimir.ro\/wp-content\/uploads\/2025\/04\/Anunt-nr.1401-din-14.03.2025-concurs-secretar.pdf\">Anunt nr.1401 din 14.03.2025 -concurs secretar<\/a><\/li>\n<\/ul>\n<p>2024<\/p>\n<ul>\n<li><a href=\"https:\/\/comunavladimir.ro\/wp-content\/uploads\/2024\/01\/Anunt-nr-249-din-16.01.2024-privind-rezultatul-probei-interviu-COMPARTIMENTUL-STARE-CIVILA.pdf\">Anunt nr 249 din 16.01.2024 privind rezultatul probei interviu &#8211; COMPARTIMENTUL STARE CIVILA<\/a><\/li>\n<li><a href=\"https:\/\/comunavladimir.ro\/wp-content\/uploads\/2024\/02\/Raport-final-concurs-16.01.2024-Compartiment-stare-civila.pdf\">Anunt nr 248 din 16.01.2024 Raport final al concursursului &#8211; Compartiment stare civil\u0103.<\/a><\/li>\n<\/ul>\n<p>2023\u00a0<\/p>\n<ul>\n<li><a href=\"https:\/\/comunavladimir.ro\/wp-content\/uploads\/2024\/01\/Anunt-nr-181-din-11.01.2024-proba-scrisa-pentru-functia-publica-de-executie-COMPARTIMENT-STARE-CIVILA.pdf\">Anun\u021b nr 181 din 11.01.2024 proba scris\u0103 pentru functia publica de executie-COMPARTIMENT STARE CIVILA<\/a><\/li>\n<li><a href=\"https:\/\/comunavladimir.ro\/wp-content\/uploads\/2023\/12\/Anunt-nr-7572-din-28.12.2023-privind-selectia-dosarelor-pentru-functia-publica-de-executie-COMPARTIMENT-STARE-CIVILA.pdf\">Anun\u021b nr 7572 din 28.12.2023 privind selec\u021bia dosarelor pentru functia publica de executie COMPARTIMENT STARE CIVILA<\/a><\/li>\n<li><a href=\"https:\/\/comunavladimir.ro\/wp-content\/uploads\/2023\/12\/Anunt-privind-organizarea-concursului-de-recrutare-pentru-ocuparea-functiei-publice-de-executie-Compartiment-stare-civila.pdf\">Anunt privind organizarea concursului de recrutare pentru ocuparea functiei publice de executie- Compartiment stare civila<\/a><\/li>\n<li><a href=\"https:\/\/comunavladimir.ro\/wp-content\/uploads\/2023\/10\/Anunt-sofer-Proba-interviu-18.10.2023.pdf\">Anunt sofer &#8211; Proba interviu 18.10.2023<\/a><\/li>\n<li><a href=\"https:\/\/comunavladimir.ro\/wp-content\/uploads\/2023\/10\/Anunt-sofer-Proba-scrisa-18.10.2023.pdf\">Anunt sofer &#8211; Proba scrisa 18.10.2023<\/a><\/li>\n<li><a href=\"https:\/\/comunavladimir.ro\/wp-content\/uploads\/2023\/10\/Anunt-nr-5767-din-12.10.2023-concurs-sofer-microbuz-scolar.pdf\">Anun\u021b nr 5767 din 12.10.2023 -concurs \u0219ofer microbuz scolar<\/a><\/li>\n<li><a href=\"https:\/\/comunavladimir.ro\/wp-content\/uploads\/2023\/09\/Anunt-nr.5391-din-26.09.2023-concurs-sofer-microbuz-scolar.pdf\">Anun\u021b nr.5391 din 26.09.2023 concurs sofer microbuz scolar<\/a><\/li>\n<li><a href=\"https:\/\/comunavladimir.ro\/wp-content\/uploads\/2023\/09\/Anunt-examen-promovare-in-clasa-01.09.2023.pdf\">Anunt examen promovare in clasa 01.09.2023<\/a><\/li>\n<li><a href=\"https:\/\/comunavladimir.ro\/wp-content\/uploads\/2023\/08\/Anunt-pentry-promovare-in-grad-profesional-11.08.2023.pdf\">Anunt pentru promovare in grad profesional 11.08.2023<\/a><\/li>\n<li><a href=\"https:\/\/comunavladimir.ro\/wp-content\/uploads\/2023\/08\/Anun-promovare-in-grad-profesional-proba-scrisa.pdf\">Anunt promovare in grad profesional proba scris\u0103 07.08.2023.<\/a><\/li>\n<li><a href=\"https:\/\/comunavladimir.ro\/wp-content\/uploads\/2023\/07\/Anunt-promovare-grad-05.07.2023.pdf\">Anun\u021b promovare grad 05.07.2023<\/a><\/li>\n<\/ul>\n<p>2022<\/p>\n<ul>\n<li><a href=\"https:\/\/comunavladimir.ro\/wp-content\/uploads\/2022\/07\/Anunt-nr.-2461-din-11.07.2022-selectie-dosare-cantonier.pdf\">Anunt nr. 2461 din 11.07.2022 selectie dosare cantonier<\/a><\/li>\n<li><a href=\"https:\/\/comunavladimir.ro\/wp-content\/uploads\/2022\/07\/Anunt-nr.-2368-din-05.07.2022-privind-rezultatul-obtinut-la-proba-interviu-pentru-ocuparea-functiei-de-buldoexcavatorist.pdf\">Anunt nr. 2368 din 05.07.2022 privind rezultatul obtinut la proba interviu pentru ocuparea functiei de buldoexcavatorist<\/a><\/li>\n<li><a href=\"https:\/\/comunavladimir.ro\/wp-content\/uploads\/2022\/07\/Anunt-nr-3214-din-01.07.2022-replanificare-interviu-buldoexcavatorist.pdf\">Anunt nr 3214 din 01.07.2022 replanificare interviu buldoexcavatorist<\/a><\/li>\n<li><a href=\"https:\/\/comunavladimir.ro\/wp-content\/uploads\/2022\/06\/ANUNT-PROBA-SCRISA-la-concursul-de-ocupare-a-functiei-de-buldoexcavatorist.pdf\">ANUNT PROBA SCRISA la concursul de ocupare a functiei de buldoexcavatorist<\/a><\/li>\n<li><a href=\"https:\/\/comunavladimir.ro\/wp-content\/uploads\/2022\/06\/Anunt-nr.-2278-din-27.06.2022-Concurs-pentru-ocuparea-postului-de-muncitor-calificat-cantonier.pdf\">Anunt nr. 2278 din 27.06.2022 &#8211; Concurs pentru ocuparea postului de muncitor calificat cantonier<\/a><\/li>\n<li><a href=\"https:\/\/comunavladimir.ro\/wp-content\/uploads\/2022\/06\/ANUNT-SELECTIE-DOSARE-BULDOEXCAVATORIST.pdf\">ANUNT SELECTIE DOSARE BULDOEXCAVATORIST<\/a><\/li>\n<li><a href=\"https:\/\/comunavladimir.ro\/wp-content\/uploads\/2022\/06\/Anunt-nr-2102-din-07.06.2022-Concurs-privind-ocuparea-postului-de-buldoexcavatorist.pdf\">Anunt nr 2102 din 07.06.2022 &#8211; Concurs privind ocuparea postului de buldoexcavatorist<\/a><\/li>\n<li><a href=\"https:\/\/comunavladimir.ro\/wp-content\/uploads\/2022\/05\/ANUNT-SI-PV-FINAL-02.05.2022.pdf\">ANUNT SI PV FINAL 02.05.2022<\/a><\/li>\n<li><a href=\"https:\/\/comunavladimir.ro\/wp-content\/uploads\/2022\/05\/ANUNT-INTERVIU-02.05.2022.pdf\">ANUN\u021a INTERVIU 02.05.2022<\/a><\/li>\n<li><a href=\"https:\/\/comunavladimir.ro\/wp-content\/uploads\/2022\/05\/ANUNT-PROBA-SCRISA-02.05.2022.pdf\">ANUN\u021a PROBA SCRISA 02.05.2022<\/a><\/li>\n<li><a href=\"https:\/\/comunavladimir.ro\/wp-content\/uploads\/2022\/04\/Anunt-selectie-dosare-la-concursul-de-contabil.pdf\">Anunt selectie dosare la concursul de contabil<\/a><\/li>\n<li><a href=\"https:\/\/comunavladimir.ro\/wp-content\/uploads\/2022\/03\/Anunt-recrutare-Consilier-clasa-I-grad-profesional-principal-in-cadrul-Compartimentului-contabilitate-impozite-si-taxe.pdf\">Anunt recrutare Consilier clasa I, grad profesional principal in cadrul Compartimentului contabilitate, impozite si taxe<\/a><\/li>\n<\/ul>\n<p>2020<\/p>\n<p><a href=\"https:\/\/comunavladimir.ro\/wp-content\/uploads\/2020\/02\/Anunt-nr.-954-din-12.02.2020.pdf\">Anunt nr. 954 din 12.02.2020 (Privind rezultatul ob\u0163inut la examenul pentru promovare \u00een gradul profesional imediat superior, al func\u0163iei publice de execu\u0163ie de consilier, clasa I, gradul profesional asistent \u00een cadrul Compartimentului Cadastru)<\/a><br \/><a href=\"https:\/\/comunavladimir.ro\/wp-content\/uploads\/2020\/02\/Anunt-nr.-899-din-10.02.2020.pdf\">Anunt nr. 899 din 10.02.2020 (Privind rezultatul ob\u0163inut la PROBA SCRISA la concursul de avansare in grad a func\u0163iei publice de execu\u0163ie de consilier clasa I gradul profesional asistent, \u00een cadrul compartimentului cadastru)<\/a><br \/><a href=\"https:\/\/comunavladimir.ro\/wp-content\/uploads\/2020\/01\/Anunt-nr.-427-din-23.01.2020.pdf\">Anunt nr. 427 din 23.01.2020 (rezultatul select\u0103rii dosarului de \u00eenscriere la Concursul de recrutare pentru ocuparea<br \/>func\u0163iei publice de execu\u0163ie vacante de consilier, clasa I, gradul profesional asistent \u00een cadrul Compartimentului Cadastru)<\/a><\/p>\n<p>2019<\/p>\n<p><a href=\"https:\/\/comunavladimir.ro\/wp-content\/uploads\/2020\/01\/Anunt-nr.-6871-din-30.12.2019.pdf\">Anunt nr. 6871 din 30.12.2019 (concurs\/examen de promovare \u00een gradul profesional imediat superior al func\u0163iei publice de execu\u0163ie de consilier, clasa I, gradul profesional asistent \u00een cadrul Compartimentului Cadastru)<\/a><br \/><a href=\"https:\/\/comunavladimir.ro\/wp-content\/uploads\/2019\/04\/Anunt-nr.-1868-din-04.04.2019.pdf\">Anunt nr. 1868 din 04.04.2019 (rezultat final privind concursul pentru ocuparea postului de muncitor calificat)<\/a><br \/><a href=\"https:\/\/comunavladimir.ro\/wp-content\/uploads\/2019\/03\/Anunt-nr.-1727-din-29.03.2019.pdf\">Anunt nr. 1727 din 29.03.2019 (rezultat proba scrisa privind concursul pentru ocuparea postului de muncitor calificat)<\/a><br \/><a href=\"https:\/\/comunavladimir.ro\/wp-content\/uploads\/2019\/03\/anunt-nr.-1568-din-22.03.2019.pdf\">Anunt nr. 1568 din 22.03.2019 (rezultat concurs ocuparea postului de muncitor calificat)<\/a><br \/><a href=\"https:\/\/comunavladimir.ro\/wp-content\/uploads\/2019\/03\/anunt1197_07.03.2019.pdf\">Anunt nr. 1197 din 07.03.2019 (concurs ocuparea postului de muncitor calificat)<\/a><br \/><a href=\"https:\/\/comunavladimir.ro\/wp-content\/uploads\/2019\/02\/anunt-nr.-959-din-25.02.2019.pdf\">Anunt nr. 959 din 25.02.2019 (rezultatul final privind ocuparea functiei publice in compartimentul contabilitate)<\/a><br \/><a href=\"https:\/\/comunavladimir.ro\/wp-content\/uploads\/2019\/02\/anunt928_21.02.2019.pdf\">Anunt nr. 928 din 21.02.2019 (selectie dosare pentru ocupare functie publica in compartimentul contabilitate)<\/a><br \/><a href=\"https:\/\/comunavladimir.ro\/wp-content\/uploads\/2019\/02\/anunt_860_18.02.2019.pdf\">Anunt nr. 860 din 18.02.2019 (rezultate proba scrisa pentru ocupare functie publica in compartimentul cadastru)<\/a><br \/><a href=\"https:\/\/comunavladimir.ro\/wp-content\/uploads\/2019\/02\/anunt713_07.02.2019.pdf\">Anunt nr. 713 din 07.02.2019 (selectie dosare pentru ocupare functie publica in compartimentul cadastru)<\/a><br \/><a href=\"https:\/\/comunavladimir.ro\/wp-content\/uploads\/2019\/01\/anunt469_28.01.2019.pdf\">Anunt nr. 469 din 28.01.2019 (analiza dosare pentru ocuparea postului de muncitor calificat)<\/a><br \/><a href=\"https:\/\/comunavladimir.ro\/wp-content\/uploads\/2019\/01\/anunt728_25.01.2019.pdf\">Anunt nr. 728 din 25.01.2019 (selectie dosare pentru ocuparea postului de muncitor calificat)<\/a><br \/><a href=\"https:\/\/comunavladimir.ro\/wp-content\/uploads\/2019\/01\/anunt459_23.01.2019.pdf\">Anunt nr. 459 din 23.01.2019 (concurs ocupare functie publica in compartimentul contabilitate)<\/a><br \/><a href=\"https:\/\/comunavladimir.ro\/wp-content\/uploads\/2019\/01\/anunt292_17.01.2019.pdf\">Anunt nr. 292 din 17.01.2019 (concurs ocupare functie publica in compartimentul cadastru)<\/a><br \/><a href=\"https:\/\/comunavladimir.ro\/wp-content\/uploads\/2019\/01\/anunt161_11.01.2019.pdf\">Anunt nr. 161 din 11.01.2019 (concurs ocuparea postului de muncitor calificat)<\/a><\/p>\n<p><a href=\"https:\/\/comunavladimir.ro\/wp-content\/uploads\/2018\/12\/anunt5518_06.12.2018.pdf\">Anunt nr. 5518 din 06.12.2018 (concurs ocupare functie publica in compartimentul contabilitate)<\/a><br \/><a href=\"https:\/\/comunavladimir.ro\/wp-content\/uploads\/2018\/12\/anunt5436_03.12.2018.pdf\">Anunt nr. 5436 din 03.12.2018 (concurs ocupare functie publica in compartimentul cadastru)<\/a><br \/><a href=\"https:\/\/comunavladimir.ro\/wp-content\/uploads\/2018\/09\/anunt4386_20.09.2018.pdf\">Anunt nr. 4386 din 20.09.2018 &#8211; Rezultate proba interviu<\/a><br \/><a href=\"https:\/\/comunavladimir.ro\/wp-content\/uploads\/2018\/09\/anunt4376_20.09.2018.pdf\">Anunt nr. 4376 din 20.09.2018 &#8211; Rezultate proba scrisa<\/a><br \/><a href=\"https:\/\/comunavladimir.ro\/wp-content\/uploads\/2018\/09\/anunt4293_17.09.2018.pdf\">Anunt nr. 4293 din 17.09.2018 &#8211; Selectie dosare<\/a><br \/><a href=\"https:\/\/comunavladimir.ro\/wp-content\/uploads\/2018\/08\/anunt3690_09082018.pdf\">Anunt nr. 3690 din 09.08.2018 &#8211; Concurs de promovare<\/a><br \/><a href=\"https:\/\/comunavladimir.ro\/wp-content\/uploads\/2018\/06\/anunt2927_26.06.2018.pdf\">Anunt nr. 2927 din 26.06.2018 &#8211; Validare dosare<\/a><br \/><a href=\"https:\/\/comunavladimir.ro\/wp-content\/uploads\/2018\/06\/anunt20180607_2664.pdf\">Anunt nr. 2664 din 07.06.2018 (<\/a><a href=\"https:\/\/comunavladimir.ro\/wp-content\/uploads\/2018\/06\/anunt20180607_2664.pdf\">Concurs pentru ocuparea unei functii contractuale de executie in cadrul Compartimentului asistente medicala comunitara)<\/a><br \/><a href=\"https:\/\/comunavladimir.ro\/wp-content\/uploads\/2018\/05\/anunt20180525_2503.pdf\">Anunt nr. 2503 din 25.05.2018<\/a><br \/><a href=\"https:\/\/comunavladimir.ro\/wp-content\/uploads\/2018\/05\/anunt2478_20180524.pdf\">Anunt nr. 2478 din 24.05.2018<\/a><br \/><a href=\"https:\/\/comunavladimir.ro\/wp-content\/uploads\/2018\/05\/ANUNT-concurs-conditii-de-inscriere-si-tematica.pdf\">Anunt nr. 2100 din 27.04.2018 (concurs pentru ocuparea unei functii contractuale de executie in cadrul Compartimentului asistente medicala comunitara)<\/a><\/p>\n<p><a href=\"https:\/\/comunavladimir.ro\/wp-content\/uploads\/2018\/01\/anunt20171212_6082.pdf\">Anunt angajare Nr.6082\/12.12.2017<\/a><\/p>\n<p>ANUNT,<\/p>\n<p>In data de \u00a029.11.2012 se organizeaza concurs privind ocuparea postului de sofer.<\/p>\n<div>cerinte:<\/div>\n<div>-posesor permis categoria D.<\/div>\n<div>-domiciliul stabil in comuna Vladimir de cel putin 1 an.<\/div>\n<div>-studii medii.<\/div>\n<div>Mai multe relatii \u00a0la sediul Primariei Vladimir.<\/div>\n<p>DATA DE 03.09.2012, ORELE 9, LA SEDIUL PRIMARIEI VLADIMIR, V-A AVEA LOC CONCURS PENTRU OCUPAREA POSTULUI VACANT DE CANTONIER, PE PERIOADA DETERMINATA.<\/p>\n<\/li>\n<\/ul>\n\n","protected":false},"excerpt":{"rendered":"<p>2026 Anunt nr. 1730 din 02.04.2026 &#8211; rezultate selectie dosare Anunt nr. 1624 din 30.03.2026 &#8211; Concurs contabil pdf Anunt nr 1218 din 09.03.2026 &#8211; privind organizarea concursului de recrutare pentru ocuparea unei functii publice de executie vacante, Consilier, grad profesional debutant din cadrul compartimentului urbanism \u015fi protec\u0163ia mediului 2025 &nbsp; anunt final contabilitate Anunt &hellip; <a href=\"https:\/\/comunavladimir.ro\/?page_id=415\" class=\"more-link\">Continue reading <span class=\"screen-reader-text\">Posturi in cadrul primariei<\/span> <span class=\"meta-nav\">&rarr;<\/span><\/a><\/p>\n","protected":false},"author":2,"featured_media":0,"parent":193,"menu_order":6,"comment_status":"closed","ping_status":"closed","template":"","meta":{"footnotes":""},"class_list":["post-415","page","type-page","status-publish","hentry"],"_links":{"self":[{"href":"https:\/\/comunavladimir.ro\/index.php?rest_route=\/wp\/v2\/pages\/415","targetHints":{"allow":["GET"]}}],"collection":[{"href":"https:\/\/comunavladimir.ro\/index.php?rest_route=\/wp\/v2\/pages"}],"about":[{"href":"https:\/\/comunavladimir.ro\/index.php?rest_route=\/wp\/v2\/types\/page"}],"author":[{"embeddable":true,"href":"https:\/\/comunavladimir.ro\/index.php?rest_route=\/wp\/v2\/users\/2"}],"replies":[{"embeddable":true,"href":"https:\/\/comunavladimir.ro\/index.php?rest_route=%2Fwp%2Fv2%2Fcomments&post=415"}],"version-history":[{"count":88,"href":"https:\/\/comunavladimir.ro\/index.php?rest_route=\/wp\/v2\/pages\/415\/revisions"}],"predecessor-version":[{"id":2482,"href":"https:\/\/comunavladimir.ro\/index.php?rest_route=\/wp\/v2\/pages\/415\/revisions\/2482"}],"up":[{"embeddable":true,"href":"https:\/\/comunavladimir.ro\/index.php?rest_route=\/wp\/v2\/pages\/193"}],"wp:attachment":[{"href":"https:\/\/comunavladimir.ro\/index.php?rest_route=%2Fwp%2Fv2%2Fmedia&parent=415"}],"curies":[{"name":"wp","href":"https:\/\/api.w.org\/{rel}","templated":true}]}}