{"id":392,"date":"2011-04-07T08:20:20","date_gmt":"2011-04-07T08:20:20","guid":{"rendered":"http:\/\/.\/?page_id=392"},"modified":"2025-08-28T09:39:02","modified_gmt":"2025-08-28T07:39:02","slug":"pagina-principala","status":"publish","type":"page","link":"https:\/\/comunavladimir.ro\/","title":{"rendered":"Pagina principala"},"content":{"rendered":"<table style=\"height: 312px;\" border=\"0\" width=\"576\" cellspacing=\"0\" cellpadding=\"0\">\n<tbody>\n<tr>\n<td width=\"30%\"><strong>Adresa: <\/strong><\/td>\n<td width=\"70%\">Comuna Vladimir, str. SAT ANDREESTI, NR. 100<\/td>\n<\/tr>\n<tr>\n<td><strong>Localitatea: <\/strong><\/td>\n<td>Vladimir<\/td>\n<\/tr>\n<tr>\n<td><strong>Judet: <\/strong><\/td>\n<td>Gorj<\/td>\n<\/tr>\n<tr>\n<td><strong>Tara<\/strong><strong>:<\/strong><\/td>\n<td>Romania<\/td>\n<\/tr>\n<tr>\n<td><strong>Cod postal: <\/strong><\/td>\n<td>217550<\/td>\n<\/tr>\n<tr>\n<td><strong>Telefon:<\/strong><\/td>\n<td>0253-230131<\/td>\n<\/tr>\n<tr>\n<td><strong>Fax: <\/strong><\/td>\n<td>0253-230715<\/td>\n<\/tr>\n<tr>\n<td><strong>URL: <\/strong><\/td>\n<td><a href=\"https:\/\/comunavladimir.ro\/\">https:\/\/comunavladimir.ro\/<\/a><\/td>\n<\/tr>\n<tr>\n<td><strong>Adresa de e-mail: <\/strong><\/td>\n<td>vladimir@gj.e-adm.ro<\/td>\n<\/tr>\n<\/tbody>\n<\/table>\n<hr \/>\n<p><img loading=\"lazy\" decoding=\"async\" class=\"alignnone size-medium wp-image-2346\" src=\"https:\/\/comunavladimir.ro\/wp-content\/uploads\/2025\/08\/afis-aug35-nemodificat-212x300.jpg\" alt=\"\" width=\"212\" height=\"300\" srcset=\"https:\/\/comunavladimir.ro\/wp-content\/uploads\/2025\/08\/afis-aug35-nemodificat-212x300.jpg 212w, https:\/\/comunavladimir.ro\/wp-content\/uploads\/2025\/08\/afis-aug35-nemodificat-724x1024.jpg 724w, https:\/\/comunavladimir.ro\/wp-content\/uploads\/2025\/08\/afis-aug35-nemodificat-768x1086.jpg 768w, https:\/\/comunavladimir.ro\/wp-content\/uploads\/2025\/08\/afis-aug35-nemodificat-1086x1536.jpg 1086w, https:\/\/comunavladimir.ro\/wp-content\/uploads\/2025\/08\/afis-aug35-nemodificat.jpg 1414w\" sizes=\"auto, (max-width: 212px) 100vw, 212px\" \/> <img loading=\"lazy\" decoding=\"async\" class=\"alignnone size-medium wp-image-2347\" src=\"https:\/\/comunavladimir.ro\/wp-content\/uploads\/2025\/08\/flyer-14.08-212x300.png\" alt=\"\" width=\"212\" height=\"300\" srcset=\"https:\/\/comunavladimir.ro\/wp-content\/uploads\/2025\/08\/flyer-14.08-212x300.png 212w, https:\/\/comunavladimir.ro\/wp-content\/uploads\/2025\/08\/flyer-14.08-724x1024.png 724w, https:\/\/comunavladimir.ro\/wp-content\/uploads\/2025\/08\/flyer-14.08-768x1086.png 768w, https:\/\/comunavladimir.ro\/wp-content\/uploads\/2025\/08\/flyer-14.08-1086x1536.png 1086w, https:\/\/comunavladimir.ro\/wp-content\/uploads\/2025\/08\/flyer-14.08.png 1414w\" sizes=\"auto, (max-width: 212px) 100vw, 212px\" \/><\/p>\n<hr \/>\n<p>&nbsp;<\/p>\n<p><a href=\"https:\/\/comunavladimir.ro\/wp-content\/uploads\/2023\/02\/informare-SGR.pdf\">INFORMARE PRIVIND SISTEMUL DE GARANTIE-RETURNARE PENTRU AMBALAJELE PRIMARE NEREUTILIZABILE<\/a><\/p>\n\n\n<figure class=\"wp-block-image size-large\"><img loading=\"lazy\" decoding=\"async\" width=\"1024\" height=\"576\" src=\"https:\/\/comunavladimir.ro\/wp-content\/uploads\/2023\/02\/RetuRO_inregistrare_baza_date_SGR-1024x576.png\" alt=\"\" class=\"wp-image-2013\" srcset=\"https:\/\/comunavladimir.ro\/wp-content\/uploads\/2023\/02\/RetuRO_inregistrare_baza_date_SGR-1024x576.png 1024w, https:\/\/comunavladimir.ro\/wp-content\/uploads\/2023\/02\/RetuRO_inregistrare_baza_date_SGR-300x169.png 300w, https:\/\/comunavladimir.ro\/wp-content\/uploads\/2023\/02\/RetuRO_inregistrare_baza_date_SGR-768x432.png 768w, https:\/\/comunavladimir.ro\/wp-content\/uploads\/2023\/02\/RetuRO_inregistrare_baza_date_SGR-1536x864.png 1536w, https:\/\/comunavladimir.ro\/wp-content\/uploads\/2023\/02\/RetuRO_inregistrare_baza_date_SGR-2048x1152.png 2048w\" sizes=\"auto, (max-width: 1024px) 100vw, 1024px\" \/><figcaption class=\"wp-element-caption\"><strong><a href=\"https:\/\/comunavladimir.ro\/wp-content\/uploads\/2023\/02\/inregistrare-SGR.pdf\">Produc\u0103torii \u0219i comercian\u021bii de b\u0103uturi trebuie s\u0103 se \u00eenregistreze \u00een baza de date a Sistemului de Garan\u021bie-Returnare (SGR) p\u00e2n\u0103 pe 28 februarie<\/a><\/strong><\/figcaption><\/figure>\n\n\n<table>\n<tbody>\n<tr>\n<td><a href=\"http:\/\/votlegal.mai.gov.ro\/\" target=\"_blank\" rel=\"noopener noreferrer\"><img loading=\"lazy\" decoding=\"async\" class=\"alignleft size-full wp-image-1486\" src=\"https:\/\/comunavladimir.ro\/wp-content\/uploads\/2019\/02\/vot.jpg\" alt=\"votare 2012\" width=\"250\" height=\"120\">&nbsp;<\/a><\/td>\n<td><a href=\"https:\/\/sgg.gov.ro\/new\/guvernare-transparenta-deschisa-si-participativa-standardizare-armonizare-dialog-imbunatatit-cod-sipoca-35\/\" target=\"_blank\" rel=\"noopener noreferrer\"><img loading=\"lazy\" decoding=\"async\" class=\"alignleft size-full wp-image-1486\" src=\"https:\/\/comunavladimir.ro\/wp-content\/uploads\/2019\/02\/sisop.jpg\" alt=\"\" width=\"250\" height=\"120\"><\/a><\/td>\n<\/tr>\n<\/tbody>\n<\/table>\n<p>&nbsp;<\/p>","protected":false},"excerpt":{"rendered":"<p>Adresa: Comuna Vladimir, str. SAT ANDREESTI, NR. 100 Localitatea: Vladimir Judet: Gorj Tara: Romania Cod postal: 217550 Telefon: 0253-230131 Fax: 0253-230715 URL: https:\/\/comunavladimir.ro\/ Adresa de e-mail: vladimir@gj.e-adm.ro &nbsp; INFORMARE PRIVIND SISTEMUL DE GARANTIE-RETURNARE PENTRU AMBALAJELE PRIMARE NEREUTILIZABILE &nbsp; &nbsp;<\/p>\n","protected":false},"author":2,"featured_media":0,"parent":0,"menu_order":0,"comment_status":"closed","ping_status":"closed","template":"","meta":{"footnotes":""},"class_list":["post-392","page","type-page","status-publish","hentry"],"_links":{"self":[{"href":"https:\/\/comunavladimir.ro\/index.php?rest_route=\/wp\/v2\/pages\/392","targetHints":{"allow":["GET"]}}],"collection":[{"href":"https:\/\/comunavladimir.ro\/index.php?rest_route=\/wp\/v2\/pages"}],"about":[{"href":"https:\/\/comunavladimir.ro\/index.php?rest_route=\/wp\/v2\/types\/page"}],"author":[{"embeddable":true,"href":"https:\/\/comunavladimir.ro\/index.php?rest_route=\/wp\/v2\/users\/2"}],"replies":[{"embeddable":true,"href":"https:\/\/comunavladimir.ro\/index.php?rest_route=%2Fwp%2Fv2%2Fcomments&post=392"}],"version-history":[{"count":39,"href":"https:\/\/comunavladimir.ro\/index.php?rest_route=\/wp\/v2\/pages\/392\/revisions"}],"predecessor-version":[{"id":2348,"href":"https:\/\/comunavladimir.ro\/index.php?rest_route=\/wp\/v2\/pages\/392\/revisions\/2348"}],"wp:attachment":[{"href":"https:\/\/comunavladimir.ro\/index.php?rest_route=%2Fwp%2Fv2%2Fmedia&parent=392"}],"curies":[{"name":"wp","href":"https:\/\/api.w.org\/{rel}","templated":true}]}}