{"id":38,"date":"2011-04-06T16:02:06","date_gmt":"2011-04-06T16:02:06","guid":{"rendered":".\/?page_id=38"},"modified":"2011-07-11T14:09:30","modified_gmt":"2011-07-11T12:09:30","slug":"economie","status":"publish","type":"page","link":"https:\/\/comunavladimir.ro\/?page_id=38","title":{"rendered":"Economie"},"content":{"rendered":"<table border=\"0\" cellspacing=\"0\" cellpadding=\"2\" width=\"100%\">\n<tbody>\n<tr>\n<td><strong>Activitati specifice zonei:<\/strong><\/td>\n<td>Agricultur\u0103<br \/>\nCre\u015fterea animalelor<\/td>\n<\/tr>\n<tr>\n<td bgcolor=\"#C8E9FE\"><strong>Activitati economice principale:<\/strong><\/td>\n<td bgcolor=\"#C8E9FE\">A\u015fezarea comunei \u00een partea de S-E a  jude\u0163ului adecvat drumurilor ce fac leg\u0103tura \u00eentre municipiul Tg-Jiu \u015fi  ora\u015ful Filia\u015fi o situeaz\u0103 \u00een sfera de influen\u0163\u0103 a acestora ca de altfel  \u015fi a unit\u0103\u0163ilor economice din zon\u0103 cu exploat\u0103ri petroliere<br \/>\nPentru o  analiz\u0103 corect\u0103 a locului pe care \u00eel ocup\u0103 economic comuna Vladimir \u00een  ansamblul jude\u0163ului Gorj, trebuie amintit faptul c\u0103 pe ansamblu, jude\u0163ul  beneficieaz\u0103 de un poten\u0163ial natural care a determinat dezvoltarea unor  func\u0163ionari economici de baz\u0103 ale agriculturii \u015fi pomiculturii<\/td>\n<\/tr>\n<\/tbody>\n<\/table>\n","protected":false},"excerpt":{"rendered":"<p>Activitati specifice zonei: Agricultur\u0103 Cre\u015fterea animalelor Activitati economice principale: A\u015fezarea comunei \u00een partea de S-E a jude\u0163ului adecvat drumurilor ce fac leg\u0103tura \u00eentre municipiul Tg-Jiu \u015fi ora\u015ful Filia\u015fi o situeaz\u0103 \u00een sfera de influen\u0163\u0103 a acestora ca de altfel \u015fi a unit\u0103\u0163ilor economice din zon\u0103 cu exploat\u0103ri petroliere Pentru o analiz\u0103 corect\u0103 a locului pe &hellip; <a href=\"https:\/\/comunavladimir.ro\/?page_id=38\" class=\"more-link\">Continue reading <span class=\"screen-reader-text\">Economie<\/span> <span class=\"meta-nav\">&rarr;<\/span><\/a><\/p>\n","protected":false},"author":2,"featured_media":0,"parent":264,"menu_order":0,"comment_status":"closed","ping_status":"closed","template":"","meta":{"footnotes":""},"class_list":["post-38","page","type-page","status-publish","hentry"],"_links":{"self":[{"href":"https:\/\/comunavladimir.ro\/index.php?rest_route=\/wp\/v2\/pages\/38","targetHints":{"allow":["GET"]}}],"collection":[{"href":"https:\/\/comunavladimir.ro\/index.php?rest_route=\/wp\/v2\/pages"}],"about":[{"href":"https:\/\/comunavladimir.ro\/index.php?rest_route=\/wp\/v2\/types\/page"}],"author":[{"embeddable":true,"href":"https:\/\/comunavladimir.ro\/index.php?rest_route=\/wp\/v2\/users\/2"}],"replies":[{"embeddable":true,"href":"https:\/\/comunavladimir.ro\/index.php?rest_route=%2Fwp%2Fv2%2Fcomments&post=38"}],"version-history":[{"count":10,"href":"https:\/\/comunavladimir.ro\/index.php?rest_route=\/wp\/v2\/pages\/38\/revisions"}],"predecessor-version":[{"id":818,"href":"https:\/\/comunavladimir.ro\/index.php?rest_route=\/wp\/v2\/pages\/38\/revisions\/818"}],"up":[{"embeddable":true,"href":"https:\/\/comunavladimir.ro\/index.php?rest_route=\/wp\/v2\/pages\/264"}],"wp:attachment":[{"href":"https:\/\/comunavladimir.ro\/index.php?rest_route=%2Fwp%2Fv2%2Fmedia&parent=38"}],"curies":[{"name":"wp","href":"https:\/\/api.w.org\/{rel}","templated":true}]}}