{"id":33,"date":"2011-04-06T16:02:34","date_gmt":"2011-04-06T16:02:34","guid":{"rendered":".\/?page_id=33"},"modified":"2011-07-11T14:05:30","modified_gmt":"2011-07-11T12:05:30","slug":"istoric","status":"publish","type":"page","link":"https:\/\/comunavladimir.ro\/?page_id=33","title":{"rendered":"Istoric"},"content":{"rendered":"<p>\u00cen aceste locuri se na\u015fte \u00een 1780, \u00eentr-o cas\u0103 din lemn de pe culmea unui deal, cel care avea s\u0103 scrie istorie: Tudor din Vladimir sau \u201eVladimirescu\u201d. Etimologic, se spune c\u0103 \u201eTudor\u201d are r\u0103d\u0103cini \u00een celticul \u201eTeutorigos\u201d, ce s-ar traduce prin \u201econduc\u0103torul poporului\u201d. \u201eVladimirescu\u201d este \u015fi el un nume compus: Volod (slavon\u0103) &#8211; a conduce, putere; sufixul \u201emir\u201d &#8211; lume, pace.<\/p>\n<p><strong>Tudor Vladimirescu<\/strong> se na\u015fte la Vladimir &#8211; Gorj, \u00een 1780, din p\u0103rin\u0163i mo\u015fneni (Constantin \u015fi Ioana). Mai are un frate (Papa) \u015fi o sor\u0103 (Constandina). Primele no\u0163iuni de citire \u015fi scriere le prime\u015fte \u00een sat, de la preotul P\u00e2rvu Ciuhoi. Ulterior, Tudor \u00ee\u015fi continu\u0103 studiile la Craiova, cu sprijinul boierului Ioan Glogoveanu. Devine un renumit negustor de vite. Prime\u015fte de la domnitorul \u0162\u0103rii Rom\u00e2ne\u015fti, Constantin Ipsilanti, \u00eens\u0103rcinarea form\u0103rii unui corp de voluntari, pentru ap\u0103rarea Olteniei de n\u0103v\u0103lirile trupelor neregulate otomane. Este numit mare comis, v\u0103taf de plai la Clo\u015fani (Mehedin\u0163i), apoi mare sluger. Particip\u0103 la r\u0103zboiul ruso-turc din anii 1806 &#8211; 1812 ca ofi\u0163er rus, cu gradul de porucic (locotenent) \u015fi este decorat de \u0163arul Rusiei, Alexandru, cu ordinul Sf. Vladimir cu spad\u0103. Se refugiaz\u0103 la Viena, unde \u00eel cunoa\u015fte pe contele Capodistria, ministrul de externe al Rusiei \u015fi frunta\u015f al Eteriei. Organizeaz\u0103 \u015fi conduce Revolu\u0163ia de la 1821. Este asasinat de eteri\u015fti, pe 27 mai 1821<\/p>\n","protected":false},"excerpt":{"rendered":"<p>\u00cen aceste locuri se na\u015fte \u00een 1780, \u00eentr-o cas\u0103 din lemn de pe culmea unui deal, cel care avea s\u0103 scrie istorie: Tudor din Vladimir sau \u201eVladimirescu\u201d. Etimologic, se spune c\u0103 \u201eTudor\u201d are r\u0103d\u0103cini \u00een celticul \u201eTeutorigos\u201d, ce s-ar traduce prin \u201econduc\u0103torul poporului\u201d. \u201eVladimirescu\u201d este \u015fi el un nume compus: Volod (slavon\u0103) &#8211; a conduce, &hellip; <a href=\"https:\/\/comunavladimir.ro\/?page_id=33\" class=\"more-link\">Continue reading <span class=\"screen-reader-text\">Istoric<\/span> <span class=\"meta-nav\">&rarr;<\/span><\/a><\/p>\n","protected":false},"author":2,"featured_media":0,"parent":264,"menu_order":0,"comment_status":"closed","ping_status":"closed","template":"","meta":{"footnotes":""},"class_list":["post-33","page","type-page","status-publish","hentry"],"_links":{"self":[{"href":"https:\/\/comunavladimir.ro\/index.php?rest_route=\/wp\/v2\/pages\/33","targetHints":{"allow":["GET"]}}],"collection":[{"href":"https:\/\/comunavladimir.ro\/index.php?rest_route=\/wp\/v2\/pages"}],"about":[{"href":"https:\/\/comunavladimir.ro\/index.php?rest_route=\/wp\/v2\/types\/page"}],"author":[{"embeddable":true,"href":"https:\/\/comunavladimir.ro\/index.php?rest_route=\/wp\/v2\/users\/2"}],"replies":[{"embeddable":true,"href":"https:\/\/comunavladimir.ro\/index.php?rest_route=%2Fwp%2Fv2%2Fcomments&post=33"}],"version-history":[{"count":16,"href":"https:\/\/comunavladimir.ro\/index.php?rest_route=\/wp\/v2\/pages\/33\/revisions"}],"predecessor-version":[{"id":815,"href":"https:\/\/comunavladimir.ro\/index.php?rest_route=\/wp\/v2\/pages\/33\/revisions\/815"}],"up":[{"embeddable":true,"href":"https:\/\/comunavladimir.ro\/index.php?rest_route=\/wp\/v2\/pages\/264"}],"wp:attachment":[{"href":"https:\/\/comunavladimir.ro\/index.php?rest_route=%2Fwp%2Fv2%2Fmedia&parent=33"}],"curies":[{"name":"wp","href":"https:\/\/api.w.org\/{rel}","templated":true}]}}