{"id":242,"date":"2011-04-06T17:06:09","date_gmt":"2011-04-06T17:06:09","guid":{"rendered":".\/?page_id=242"},"modified":"2011-07-11T14:18:45","modified_gmt":"2011-07-11T12:18:45","slug":"viata-culturala","status":"publish","type":"page","link":"https:\/\/comunavladimir.ro\/?page_id=242","title":{"rendered":"Viata Culturala"},"content":{"rendered":"<table border=\"0\" cellspacing=\"0\" cellpadding=\"2\" width=\"100%\">\n<tbody>\n<tr>\n<td bgcolor=\"#C8E9FE\"><strong><\/strong><\/td>\n<td bgcolor=\"#C8E9FE\">Expozi\u0163ii de carte cu ocazia diferitelor evenimente din via\u0163a cultural\u0103 a localit\u0103\u0163ii c\u00e2t \u015fi din \u0163ar\u0103<br \/>\nFiii satului<br \/>\nAnivers\u0103ri &#8220;Tudor Vladimirescu&#8221;<\/td>\n<\/tr>\n<\/tbody>\n<\/table>\n","protected":false},"excerpt":{"rendered":"<p>Expozi\u0163ii de carte cu ocazia diferitelor evenimente din via\u0163a cultural\u0103 a localit\u0103\u0163ii c\u00e2t \u015fi din \u0163ar\u0103 Fiii satului Anivers\u0103ri &#8220;Tudor Vladimirescu&#8221;<\/p>\n","protected":false},"author":2,"featured_media":0,"parent":226,"menu_order":0,"comment_status":"closed","ping_status":"closed","template":"","meta":{"footnotes":""},"class_list":["post-242","page","type-page","status-publish","hentry"],"_links":{"self":[{"href":"https:\/\/comunavladimir.ro\/index.php?rest_route=\/wp\/v2\/pages\/242","targetHints":{"allow":["GET"]}}],"collection":[{"href":"https:\/\/comunavladimir.ro\/index.php?rest_route=\/wp\/v2\/pages"}],"about":[{"href":"https:\/\/comunavladimir.ro\/index.php?rest_route=\/wp\/v2\/types\/page"}],"author":[{"embeddable":true,"href":"https:\/\/comunavladimir.ro\/index.php?rest_route=\/wp\/v2\/users\/2"}],"replies":[{"embeddable":true,"href":"https:\/\/comunavladimir.ro\/index.php?rest_route=%2Fwp%2Fv2%2Fcomments&post=242"}],"version-history":[{"count":9,"href":"https:\/\/comunavladimir.ro\/index.php?rest_route=\/wp\/v2\/pages\/242\/revisions"}],"predecessor-version":[{"id":835,"href":"https:\/\/comunavladimir.ro\/index.php?rest_route=\/wp\/v2\/pages\/242\/revisions\/835"}],"up":[{"embeddable":true,"href":"https:\/\/comunavladimir.ro\/index.php?rest_route=\/wp\/v2\/pages\/226"}],"wp:attachment":[{"href":"https:\/\/comunavladimir.ro\/index.php?rest_route=%2Fwp%2Fv2%2Fmedia&parent=242"}],"curies":[{"name":"wp","href":"https:\/\/api.w.org\/{rel}","templated":true}]}}