{"id":232,"date":"2011-04-06T17:04:37","date_gmt":"2011-04-06T17:04:37","guid":{"rendered":"http:\/\/.\/?page_id=232"},"modified":"2025-11-03T13:42:21","modified_gmt":"2025-11-03T11:42:21","slug":"comunicate-anunturi-stiri","status":"publish","type":"page","link":"https:\/\/comunavladimir.ro\/?page_id=232","title":{"rendered":"Comunicate, Anunturi, Stiri"},"content":{"rendered":"<p>&nbsp;<\/p>\n<p>2025<\/p>\n<ul>\n<li><a href=\"https:\/\/comunavladimir.ro\/wp-content\/uploads\/2025\/11\/Raport-curte-conturi-28.10.2025.pdf\">Raport curte conturi 28.10.2025<\/a><\/li>\n<li><a href=\"https:\/\/comunavladimir.ro\/wp-content\/uploads\/2025\/01\/Comunicat-de-presa-pdf.pdf\">Comunicat de presa 31.01.2025<\/a><\/li>\n<\/ul>\n<p>2023<\/p>\n<ul>\n<li><a href=\"https:\/\/comunavladimir.ro\/wp-content\/uploads\/2023\/01\/Anunt-nr.-545-din-31.10.2023-ANUNT-DE-PARTICIPARE-PENTRU-ATRIBUIREA-CONTRACTULUI-DE-SERVICII-DE-ECARISAJ.pdf\">Anunt nr. 545 din 31.10.2023 -ANUNT DE PARTICIPARE PENTRU ATRIBUIREA CONTRACTULUI DE SERVICII DE ECARISAJ<\/a><\/li>\n<\/ul>\n<p>2022<\/p>\n<ul>\n<li><a href=\"https:\/\/comunavladimir.ro\/wp-content\/uploads\/2022\/09\/Anunt-nr.-3161-din-14.09.2022-Anunt-public-privind-decizia-etapei-de-incadrare.pdf\">Anunt nr. 3161 din 14.09.2022 -Anunt public privind decizia etapei de incadrare<\/a><\/li>\n<\/ul>\n<p>&nbsp;<\/p>\n<p>2016<\/p>\n<p><a href=\"http:\/\/www.prestatiisociale.ro\/files\/comunicat_de_presa_22_06_2016.pdf\" target=\"_blank\" rel=\"noopener\">Majorarea indemniza\u0163iei lunare pentru cre\u015fterea copiilor, majorarea \u015fi prelungirea stimulentului de inser\u0163ie \u00eencep\u00e2nd cu 01 iulie 2016 \u2013 Respectarea angajamentelor \u00een favoarea implement\u0103rii unor politici sociale coerente pentru ocrotirea familiei &#8211;<\/a><\/p>\n<p><a href=\"http:\/\/www.mmuncii.ro\/j33\/index.php\/ro\/comunicare\/comunicate-de-presa\/4491-cp-proceduri-acordare-icc-22062016\" target=\"_blank\" rel=\"noopener\">Procedurile de acordare a indemnizatiei si concediului pentru cresterea copilului, simplificate de la 1 iulie 2016, 22 iunie 2016<\/a><\/p>\n","protected":false},"excerpt":{"rendered":"<p>&nbsp; 2025 Raport curte conturi 28.10.2025 Comunicat de presa 31.01.2025 2023 Anunt nr. 545 din 31.10.2023 -ANUNT DE PARTICIPARE PENTRU ATRIBUIREA CONTRACTULUI DE SERVICII DE ECARISAJ 2022 Anunt nr. 3161 din 14.09.2022 -Anunt public privind decizia etapei de incadrare &nbsp; 2016 Majorarea indemniza\u0163iei lunare pentru cre\u015fterea copiilor, majorarea \u015fi prelungirea stimulentului de inser\u0163ie \u00eencep\u00e2nd cu &hellip; <a href=\"https:\/\/comunavladimir.ro\/?page_id=232\" class=\"more-link\">Continue reading <span class=\"screen-reader-text\">Comunicate, Anunturi, Stiri<\/span> <span class=\"meta-nav\">&rarr;<\/span><\/a><\/p>\n","protected":false},"author":2,"featured_media":0,"parent":226,"menu_order":0,"comment_status":"open","ping_status":"open","template":"","meta":{"footnotes":""},"class_list":["post-232","page","type-page","status-publish","hentry"],"_links":{"self":[{"href":"https:\/\/comunavladimir.ro\/index.php?rest_route=\/wp\/v2\/pages\/232","targetHints":{"allow":["GET"]}}],"collection":[{"href":"https:\/\/comunavladimir.ro\/index.php?rest_route=\/wp\/v2\/pages"}],"about":[{"href":"https:\/\/comunavladimir.ro\/index.php?rest_route=\/wp\/v2\/types\/page"}],"author":[{"embeddable":true,"href":"https:\/\/comunavladimir.ro\/index.php?rest_route=\/wp\/v2\/users\/2"}],"replies":[{"embeddable":true,"href":"https:\/\/comunavladimir.ro\/index.php?rest_route=%2Fwp%2Fv2%2Fcomments&post=232"}],"version-history":[{"count":9,"href":"https:\/\/comunavladimir.ro\/index.php?rest_route=\/wp\/v2\/pages\/232\/revisions"}],"predecessor-version":[{"id":2377,"href":"https:\/\/comunavladimir.ro\/index.php?rest_route=\/wp\/v2\/pages\/232\/revisions\/2377"}],"up":[{"embeddable":true,"href":"https:\/\/comunavladimir.ro\/index.php?rest_route=\/wp\/v2\/pages\/226"}],"wp:attachment":[{"href":"https:\/\/comunavladimir.ro\/index.php?rest_route=%2Fwp%2Fv2%2Fmedia&parent=232"}],"curies":[{"name":"wp","href":"https:\/\/api.w.org\/{rel}","templated":true}]}}