{"id":2220,"date":"2025-03-10T13:38:32","date_gmt":"2025-03-10T11:38:32","guid":{"rendered":"https:\/\/www.comunavladimir.ro\/?page_id=2220"},"modified":"2025-03-10T13:51:05","modified_gmt":"2025-03-10T11:51:05","slug":"poad","status":"publish","type":"page","link":"https:\/\/comunavladimir.ro\/?page_id=2220","title":{"rendered":"Proiecte finan\u021bate prin Programul Opera\u021bional Ajutorarea Persoanelor Defavorizate 2014-2020 (POAD)"},"content":{"rendered":"<p>&nbsp;<\/p>\n<ul>\n<li><a href=\"https:\/\/comunavladimir.ro\/wp-content\/uploads\/2025\/03\/Proiect-ACORDAREA-DE-PACHETE-CU-AJUTOARE-ALIMENTARE-IN-CADRUL-POAD-2018\u20132021-125099.pdf\">Proiect &#8211; ACORDAREA DE PACHETE CU AJUTOARE ALIMENTARE \u00ceN CADRUL POAD 2018\u20132021 &#8211; 125099<\/a><\/li>\n<li><a href=\"https:\/\/comunavladimir.ro\/wp-content\/uploads\/2025\/03\/Proiect-ACORDAREA-DE-PACHETE-CU-PRODUSE-DE-IGIENA-IN-CADRUL-POAD-2018-2020-125284.pdf\">Proiect &#8211; ACORDAREA DE PACHETE CU PRODUSE DE IGIEN\u0102 \u00ceN CADRUL POAD 2018-2020 &#8211; 125284<\/a><\/li>\n<li><a href=\"https:\/\/comunavladimir.ro\/wp-content\/uploads\/2025\/03\/Proiect-ACORDAREA-DE-TRUSOURI-PENTRU-NOU-NASCUTI-156834.pdf\">Proiect &#8211; ACORDAREA DE TRUSOURI PENTRU NOU-N\u0102SCU\u021aI\u201d &#8211; 156834<\/a><\/li>\n<\/ul>\n<p>&nbsp;<\/p>\n","protected":false},"excerpt":{"rendered":"<p>&nbsp; Proiect &#8211; ACORDAREA DE PACHETE CU AJUTOARE ALIMENTARE \u00ceN CADRUL POAD 2018\u20132021 &#8211; 125099 Proiect &#8211; ACORDAREA DE PACHETE CU PRODUSE DE IGIEN\u0102 \u00ceN CADRUL POAD 2018-2020 &#8211; 125284 Proiect &#8211; ACORDAREA DE TRUSOURI PENTRU NOU-N\u0102SCU\u021aI\u201d &#8211; 156834 &nbsp;<\/p>\n","protected":false},"author":2,"featured_media":0,"parent":0,"menu_order":0,"comment_status":"closed","ping_status":"closed","template":"","meta":{"footnotes":""},"class_list":["post-2220","page","type-page","status-publish","hentry"],"_links":{"self":[{"href":"https:\/\/comunavladimir.ro\/index.php?rest_route=\/wp\/v2\/pages\/2220","targetHints":{"allow":["GET"]}}],"collection":[{"href":"https:\/\/comunavladimir.ro\/index.php?rest_route=\/wp\/v2\/pages"}],"about":[{"href":"https:\/\/comunavladimir.ro\/index.php?rest_route=\/wp\/v2\/types\/page"}],"author":[{"embeddable":true,"href":"https:\/\/comunavladimir.ro\/index.php?rest_route=\/wp\/v2\/users\/2"}],"replies":[{"embeddable":true,"href":"https:\/\/comunavladimir.ro\/index.php?rest_route=%2Fwp%2Fv2%2Fcomments&post=2220"}],"version-history":[{"count":3,"href":"https:\/\/comunavladimir.ro\/index.php?rest_route=\/wp\/v2\/pages\/2220\/revisions"}],"predecessor-version":[{"id":2227,"href":"https:\/\/comunavladimir.ro\/index.php?rest_route=\/wp\/v2\/pages\/2220\/revisions\/2227"}],"wp:attachment":[{"href":"https:\/\/comunavladimir.ro\/index.php?rest_route=%2Fwp%2Fv2%2Fmedia&parent=2220"}],"curies":[{"name":"wp","href":"https:\/\/api.w.org\/{rel}","templated":true}]}}