{"id":220,"date":"2011-04-06T17:01:21","date_gmt":"2011-04-06T17:01:21","guid":{"rendered":"http:\/\/.\/?page_id=220"},"modified":"2021-02-24T13:35:55","modified_gmt":"2021-02-24T11:35:55","slug":"impozite-si-taxe-locale","status":"publish","type":"page","link":"https:\/\/comunavladimir.ro\/?page_id=220","title":{"rendered":"Impozite si taxe locale"},"content":{"rendered":"<p><a href=\".\/pdf\/2020\/Hotararea nr.15 din 20.12.2020 privind Impozitele si Taxele locale pe anul 2021.pdf\">Hotararea nr.15 din 20.12.2020 privind Impozitele si Taxele locale pe anul 2021.pdf<\/a><\/p>\n<p><a href=\".\/pdf\/taxeimpozite\/taxeimpozite2012.pdf\">Hot\u0103r\u00e2re privind aprobarea taxelor \u015fi impozitelor locale pe anul fiscal 2012<\/a><\/p>\n","protected":false},"excerpt":{"rendered":"<p>Hotararea nr.15 din 20.12.2020 privind Impozitele si Taxele locale pe anul 2021.pdf Hot\u0103r\u00e2re privind aprobarea taxelor \u015fi impozitelor locale pe anul fiscal 2012<\/p>\n","protected":false},"author":2,"featured_media":0,"parent":218,"menu_order":0,"comment_status":"closed","ping_status":"closed","template":"","meta":{"footnotes":""},"class_list":["post-220","page","type-page","status-publish","hentry"],"_links":{"self":[{"href":"https:\/\/comunavladimir.ro\/index.php?rest_route=\/wp\/v2\/pages\/220","targetHints":{"allow":["GET"]}}],"collection":[{"href":"https:\/\/comunavladimir.ro\/index.php?rest_route=\/wp\/v2\/pages"}],"about":[{"href":"https:\/\/comunavladimir.ro\/index.php?rest_route=\/wp\/v2\/types\/page"}],"author":[{"embeddable":true,"href":"https:\/\/comunavladimir.ro\/index.php?rest_route=\/wp\/v2\/users\/2"}],"replies":[{"embeddable":true,"href":"https:\/\/comunavladimir.ro\/index.php?rest_route=%2Fwp%2Fv2%2Fcomments&post=220"}],"version-history":[{"count":8,"href":"https:\/\/comunavladimir.ro\/index.php?rest_route=\/wp\/v2\/pages\/220\/revisions"}],"predecessor-version":[{"id":1827,"href":"https:\/\/comunavladimir.ro\/index.php?rest_route=\/wp\/v2\/pages\/220\/revisions\/1827"}],"up":[{"embeddable":true,"href":"https:\/\/comunavladimir.ro\/index.php?rest_route=\/wp\/v2\/pages\/218"}],"wp:attachment":[{"href":"https:\/\/comunavladimir.ro\/index.php?rest_route=%2Fwp%2Fv2%2Fmedia&parent=220"}],"curies":[{"name":"wp","href":"https:\/\/api.w.org\/{rel}","templated":true}]}}