{"id":1508,"date":"2019-02-14T12:35:11","date_gmt":"2019-02-14T10:35:11","guid":{"rendered":"http:\/\/www.comunavladimir.ro\/?page_id=1508"},"modified":"2019-02-14T19:27:24","modified_gmt":"2019-02-14T17:27:24","slug":"buletin-informativ","status":"publish","type":"page","link":"https:\/\/comunavladimir.ro\/?page_id=1508","title":{"rendered":"Buletin informativ"},"content":{"rendered":"\n<ul class=\"wp-block-list\"><li>actele normative care reglementeaza organizarea si functionarea autoritatii sau institutiei publice;<\/li><li>structura organizatorica,&nbsp;atributiile departamentelor,&nbsp;programul de functionare,&nbsp;programul de audiente al autoritatii sau institutiei publice;<\/li><li>numele si prenumele persoanelor din conducerea autoritatii sau a institutiei publice si ale functionarului responsabil cu difuzarea informatiilor publice;<\/li><li>coordonatele de contact ale autoritatii sau institutiei publice, respectiv: denumirea, sediul, numerele de telefon, fax, adresa de e-mail si adresa paginii de Internet;<\/li><li>sursele financiare, bugetul&nbsp;si&nbsp;bilantul contabil;<\/li><li>programele si strategiile proprii;<\/li><li>lista cuprinz\u00e2nd categoriile de documente produse si\/sau gestionate, potrivit legii;<\/li><li>modalitatile de contestare a deciziei autoritatii sau a institutiei publice in situatia in care persoana se considera vatamata \u00een privinta dreptului de acces la informatiile de interes public solicitate;<\/li><\/ul>\n\n\n<p><a href=\"http:\/\/www.mmuncii.ro\/j33\/index.php\/ro\/comunicare\/comunicate-de-presa\/4491-cp-proceduri-acordare-icc-22062016\" target=\"_blank\" rel=\"noopener\">Procedurile de acordare a indemnizatiei si concediului pentru cresterea copilului, simplificate de la 1 iulie 2016, 22 iunie 2016<\/a><\/p>\n<p><a href=\"https:\/\/comunavladimir.ro\/wp-content\/uploads\/2019\/02\/comunicat-1.pdf\">Majorarea indemniza\u0163iei lunare pentru cre\u015fterea copiilor, majorarea \u015fi prelungirea stimulentului de inser\u0163ie \u00eencep\u00e2nd cu 01 iulie 2016 \u2013 Respectarea angajamentelor \u00een favoarea implement\u0103rii unor politici sociale coerente pentru ocrotirea familiei &#8211;<\/a><\/p>\n<p>&nbsp;<\/p>","protected":false},"excerpt":{"rendered":"<p>actele normative care reglementeaza organizarea si functionarea autoritatii sau institutiei publice; structura organizatorica,&nbsp;atributiile departamentelor,&nbsp;programul de functionare,&nbsp;programul de audiente al autoritatii sau institutiei publice; numele si prenumele persoanelor din conducerea autoritatii sau a institutiei publice si ale functionarului responsabil cu difuzarea informatiilor publice; coordonatele de contact ale autoritatii sau institutiei publice, respectiv: denumirea, sediul, numerele de &hellip; <a href=\"https:\/\/comunavladimir.ro\/?page_id=1508\" class=\"more-link\">Continue reading <span class=\"screen-reader-text\">Buletin informativ<\/span> <span class=\"meta-nav\">&rarr;<\/span><\/a><\/p>\n","protected":false},"author":2,"featured_media":0,"parent":193,"menu_order":0,"comment_status":"closed","ping_status":"closed","template":"","meta":{"footnotes":""},"class_list":["post-1508","page","type-page","status-publish","hentry"],"_links":{"self":[{"href":"https:\/\/comunavladimir.ro\/index.php?rest_route=\/wp\/v2\/pages\/1508","targetHints":{"allow":["GET"]}}],"collection":[{"href":"https:\/\/comunavladimir.ro\/index.php?rest_route=\/wp\/v2\/pages"}],"about":[{"href":"https:\/\/comunavladimir.ro\/index.php?rest_route=\/wp\/v2\/types\/page"}],"author":[{"embeddable":true,"href":"https:\/\/comunavladimir.ro\/index.php?rest_route=\/wp\/v2\/users\/2"}],"replies":[{"embeddable":true,"href":"https:\/\/comunavladimir.ro\/index.php?rest_route=%2Fwp%2Fv2%2Fcomments&post=1508"}],"version-history":[{"count":5,"href":"https:\/\/comunavladimir.ro\/index.php?rest_route=\/wp\/v2\/pages\/1508\/revisions"}],"predecessor-version":[{"id":1570,"href":"https:\/\/comunavladimir.ro\/index.php?rest_route=\/wp\/v2\/pages\/1508\/revisions\/1570"}],"up":[{"embeddable":true,"href":"https:\/\/comunavladimir.ro\/index.php?rest_route=\/wp\/v2\/pages\/193"}],"wp:attachment":[{"href":"https:\/\/comunavladimir.ro\/index.php?rest_route=%2Fwp%2Fv2%2Fmedia&parent=1508"}],"curies":[{"name":"wp","href":"https:\/\/api.w.org\/{rel}","templated":true}]}}